{"id":9,"date":"2017-11-11T23:08:32","date_gmt":"2017-11-11T23:08:32","guid":{"rendered":"http:\/\/relaunch.gpv-ev.de\/?page_id=9"},"modified":"2018-08-08T08:44:48","modified_gmt":"2018-08-08T08:44:48","slug":"ruhrgebiet","status":"publish","type":"page","link":"https:\/\/gpv-ev.de\/?page_id=9","title":{"rendered":"Regionalgruppe Ruhrgebiet"},"content":{"rendered":"<div id=\"Layer7\">\n<div align=\"left\">\n<p><span style=\"font-family: verdana, geneva, sans-serif; font-size: 12pt;\"><b>Revierbericht<\/b><\/span><\/p>\n<table style=\"vertical-align: top;\" border=\"0\" width=\"100%\" cellspacing=\"0\" cellpadding=\"3\">\n<tbody>\n<tr>\n<td width=\"100%\"><span style=\"color: #0066ff; font-family: verdana, geneva, sans-serif; font-size: 12pt;\"><b><span style=\"color: #000000;\">Das n\u00e4chste Treffen findet im Fr\u00fchjahr 2018 <\/span><span style=\"color: #000000;\">im Kufo statt.<\/span><\/b><\/span><\/td>\n<\/tr>\n<\/tbody>\n<\/table>\n<p><span style=\"font-family: verdana, geneva, sans-serif; font-size: 12pt;\">Am 3. September 1994 fand das erste Treffen des Ruhrgebiets statt.<br \/>\nWir treffen uns im Fr\u00fchjahr und Herbst\/Winter<br \/>\njeweils samstags von 12:00 &#8211; 16:00 Uhr im Kufo Essen-Steele.<\/span><\/p>\n<p><span style=\"font-family: verdana, geneva, sans-serif; font-size: 12pt;\">Unsere Struktur:<br \/>\n<\/span><\/p>\n<table class=\"alignleft\" border=\"0\" width=\"100%\" cellspacing=\"0\" cellpadding=\"5\">\n<tbody>\n<tr style=\"vertical-align: top;\">\n<td style=\"width: 315.433px;\"><span style=\"font-family: verdana, geneva, sans-serif; font-size: 12pt;\">12:00 Uhr &#8211; 13:00 Uhr<\/span><\/td>\n<td style=\"width: 656.167px;\"><span style=\"font-family: verdana, geneva, sans-serif; font-size: 12pt;\">Ankommen, Kaffeetrinken, kennen lernen<\/span><\/td>\n<\/tr>\n<tr style=\"vertical-align: top;\">\n<td style=\"width: 315.433px;\"><span style=\"font-family: verdana, geneva, sans-serif; font-size: 12pt;\">13:00 Uhr &#8211; 16:00 Uhr<\/span><\/td>\n<td style=\"width: 656.167px;\"><span style=\"font-family: verdana, geneva, sans-serif; font-size: 12pt;\">Ein praktisches Thema wird zusammen erlebt.<\/span><br \/>\n<span style=\"font-family: verdana, geneva, sans-serif; font-size: 12pt;\"> Abschlussrunde<\/span><\/td>\n<\/tr>\n<tr style=\"vertical-align: top;\">\n<td style=\"width: 315.433px;\"><span style=\"font-family: verdana, geneva, sans-serif; font-size: 12pt;\">nach 16:00 Uhr<\/span><\/td>\n<td style=\"width: 656.167px;\"><span style=\"font-family: verdana, geneva, sans-serif; font-size: 12pt;\">Wer mag geht oder bleibt, Kaffeetrinken<\/span><\/td>\n<\/tr>\n<\/tbody>\n<\/table>\n<p><span style=\"font-family: verdana, geneva, sans-serif; font-size: 12pt;\">Tagungsort ist das<a name=\"Kulturforum\"><\/a> <b>Kulturforum<\/b><b> in Essen-Steele, Dreiringstr. 7<\/b>. Hier treffen wir uns erst im Caf\u00e9 und wechseln dann in einen Seminarraum.<\/span><\/p>\n<p><span style=\"font-family: verdana, geneva, sans-serif; font-size: 12pt;\">Ab M\u00e4rz 2002 gibt es mitunter kurze Infos zu den genauen Inhalten der Treffen.<\/span><br \/>\n<span style=\"font-family: verdana, geneva, sans-serif; font-size: 12pt;\"> Einfach anklicken!!!<\/span><br \/>\n<span style=\"font-family: verdana, geneva, sans-serif; font-size: 12pt;\"> \u00dcberblick \u00fcber unsere bisherigen Themen:<\/span><\/p>\n<table style=\"vertical-align: top;\" border=\"0\" width=\"100%\" cellspacing=\"0\" cellpadding=\"5\">\n<tbody>\n<tr>\n<td width=\"22%\"><span style=\"font-family: verdana, geneva, sans-serif; font-size: 12pt;\">Sept. 94<\/span><\/td>\n<td width=\"78%\"><span style=\"font-family: verdana, geneva, sans-serif; font-size: 12pt;\"> Leserituale aus meinem Unterricht<\/span><\/td>\n<\/tr>\n<tr>\n<td width=\"22%\"><span style=\"font-family: verdana, geneva, sans-serif; font-size: 12pt;\">M\u00e4rz 95<\/span><\/td>\n<td width=\"78%\"><span style=\"font-family: verdana, geneva, sans-serif; font-size: 12pt;\"> Welche Rolle hat das Spielen in meinem Unterricht?<\/span><\/td>\n<\/tr>\n<tr>\n<td width=\"22%\"><span style=\"font-family: verdana, geneva, sans-serif; font-size: 12pt;\">Nov. 95<\/span><\/td>\n<td width=\"78%\"><span style=\"font-family: verdana, geneva, sans-serif; font-size: 12pt;\"> Welche Erfahrungen mache ich mit Arbeitstechniken?<\/span><\/td>\n<\/tr>\n<tr>\n<td width=\"22%\"><span style=\"font-family: verdana, geneva, sans-serif; font-size: 12pt;\">M\u00e4rz 96<\/span><\/td>\n<td width=\"78%\"><span style=\"font-family: verdana, geneva, sans-serif; font-size: 12pt;\"> Rund um die eigene und der Sch\u00fcler Handschrift<\/span><\/td>\n<\/tr>\n<tr>\n<td width=\"22%\"><span style=\"font-family: verdana, geneva, sans-serif; font-size: 12pt;\">Nov. 96<\/span><\/td>\n<td width=\"78%\"><span style=\"font-family: verdana, geneva, sans-serif; font-size: 12pt;\"> Wie f\u00f6rdere ich die Gemeinschaft in einer neuen Gruppe?<\/span><\/td>\n<\/tr>\n<tr>\n<td width=\"22%\"><span style=\"font-family: verdana, geneva, sans-serif; font-size: 12pt;\">M\u00e4rz 97<\/span><\/td>\n<td width=\"78%\"><span style=\"font-family: verdana, geneva, sans-serif; font-size: 12pt;\"> Pleiten, Pannen und Co oder an unsere Grenzen sto\u00dfen und wie wir uns st\u00e4rken<\/span><\/td>\n<\/tr>\n<tr>\n<td width=\"22%\"><span style=\"font-family: verdana, geneva, sans-serif; font-size: 12pt;\">Nov. 97<\/span><\/td>\n<td width=\"78%\"><span style=\"font-family: verdana, geneva, sans-serif; font-size: 12pt;\"> Unser Umgang mit Erfolgen<\/span><\/td>\n<\/tr>\n<tr>\n<td width=\"22%\"><span style=\"font-family: verdana, geneva, sans-serif; font-size: 12pt;\">M\u00e4rz 98<\/span><\/td>\n<td width=\"78%\"><span style=\"font-family: verdana, geneva, sans-serif; font-size: 12pt;\"> Miteinander und voneinander lernen<\/span><\/td>\n<\/tr>\n<tr>\n<td width=\"22%\"><span style=\"font-family: verdana, geneva, sans-serif; font-size: 12pt;\">Nov. 98<\/span><\/td>\n<td width=\"78%\"><span style=\"font-family: verdana, geneva, sans-serif; font-size: 12pt;\">Miteinander und voneinander lernen (Teil 2)<\/span><\/td>\n<\/tr>\n<tr>\n<td width=\"22%\" height=\"22\"><span style=\"font-family: verdana, geneva, sans-serif; font-size: 12pt;\">M\u00e4rz 99<\/span><\/td>\n<td width=\"78%\" height=\"22\"><span style=\"font-family: verdana, geneva, sans-serif; font-size: 12pt;\">Zuh\u00f6ren<\/span><\/td>\n<\/tr>\n<tr>\n<td width=\"22%\"><span style=\"font-family: verdana, geneva, sans-serif; font-size: 12pt;\">Nov. 99<\/span><\/td>\n<td width=\"78%\"><span style=\"font-family: verdana, geneva, sans-serif; font-size: 12pt;\">Das rechte Ma\u00df<\/span><\/td>\n<\/tr>\n<tr>\n<td width=\"22%\"><span style=\"font-family: verdana, geneva, sans-serif; font-size: 12pt;\">M\u00e4rz 00<span style=\"color: #ffff00;\">\u00a0<\/span><\/span><\/td>\n<td width=\"78%\"><span style=\"font-family: verdana, geneva, sans-serif; font-size: 12pt;\">Das rechte Ma\u00df (Teil 2)<\/span><\/td>\n<\/tr>\n<tr>\n<td width=\"22%\" height=\"20\"><span style=\"color: #000000; font-family: verdana, geneva, sans-serif; font-size: 12pt;\">Dez. 00<\/span><\/td>\n<td width=\"78%\" height=\"20\"><span style=\"color: #000000; font-family: verdana, geneva, sans-serif; font-size: 12pt;\">&#8222;Alle Jahre wieder&#8230;&#8220;<\/span><\/td>\n<\/tr>\n<tr valign=\"top\">\n<td width=\"22%\" height=\"20\"><span style=\"color: #000000; font-family: verdana, geneva, sans-serif; font-size: 12pt;\">M\u00e4rz 01<\/span><\/td>\n<td width=\"78%\" height=\"20\"><span style=\"color: #000000; font-family: verdana, geneva, sans-serif; font-size: 12pt;\">B\u00fccher und Lekt\u00fcren<\/span><\/td>\n<\/tr>\n<tr valign=\"top\">\n<td width=\"22%\" height=\"22\"><span style=\"color: #000000; font-family: verdana, geneva, sans-serif; font-size: 12pt;\">Dez. 01<\/span><\/td>\n<td width=\"78%\" height=\"22\"><span style=\"color: #000000; font-family: verdana, geneva, sans-serif; font-size: 12pt;\">Gelassenheit <\/span><\/td>\n<\/tr>\n<tr valign=\"top\">\n<td width=\"22%\"><span style=\"color: #000000; font-family: verdana, geneva, sans-serif; font-size: 12pt;\">M\u00e4rz 02<\/span><\/td>\n<td width=\"78%\"><span style=\"color: #000000; font-family: verdana, geneva, sans-serif; font-size: 12pt;\"><a href=\"https:\/\/gpv-ev.de\/?page_id=212\" rel=\"noopener\">Gelassenheit (Teil 2)<\/a><\/span><\/td>\n<\/tr>\n<tr valign=\"top\">\n<td width=\"22%\" height=\"2\"><span style=\"font-family: verdana, geneva, sans-serif; font-size: 12pt;\">Dez. 02<\/span><\/td>\n<td width=\"78%\" height=\"2\"><span style=\"font-family: verdana, geneva, sans-serif; font-size: 12pt;\">Mein Platz unter anderen<\/span><\/td>\n<\/tr>\n<tr valign=\"top\">\n<td width=\"22%\" height=\"2\"><span style=\"font-family: verdana, geneva, sans-serif; font-size: 12pt;\"><span style=\"color: #000000;\">M\u00e4rz 03<\/span><\/span><\/td>\n<td width=\"78%\" height=\"2\"><span style=\"font-family: verdana, geneva, sans-serif; font-size: 12pt;\">Mein Platz unter anderen<span style=\"color: #000000;\"> (Teil 2)<\/span><\/span><\/td>\n<\/tr>\n<tr valign=\"top\">\n<td width=\"22%\" height=\"2\"><span style=\"color: #00ff66; font-family: verdana, geneva, sans-serif; font-size: 12pt;\"><span style=\"color: #000000;\">8.11.03<\/span><\/span><\/td>\n<td width=\"78%\" height=\"2\"><span style=\"font-size: 12pt;\"><a href=\"https:\/\/gpv-ev.de\/?page_id=248\"><span style=\"color: #00ff66; font-family: verdana, geneva, sans-serif;\"><span style=\"color: #000000;\">Mein Platz, dein Platz, euer\/ unser Platz<\/span><\/span><\/a><\/span><\/td>\n<\/tr>\n<tr valign=\"top\">\n<td width=\"22%\" height=\"2\"><span style=\"font-family: verdana, geneva, sans-serif; font-size: 12pt;\"><span style=\"color: #000000;\">20.3.04<\/span><\/span><\/td>\n<td width=\"78%\" height=\"2\"><span style=\"font-family: verdana, geneva, sans-serif; font-size: 12pt;\"><span style=\"color: #000000;\">Fr\u00fchlings Erwachen<\/span><\/span><\/td>\n<\/tr>\n<tr valign=\"top\">\n<td width=\"22%\" height=\"2\"><span style=\"font-family: verdana, geneva, sans-serif; font-size: 12pt;\"><span style=\"color: #000000;\">3.7.04<\/span><\/span><\/td>\n<td width=\"78%\" height=\"2\"><span style=\"font-family: verdana, geneva, sans-serif; font-size: 12pt;\"><span style=\"color: #000000;\">Wachbleiben f\u00fcr Ver\u00e4nderungen,<br \/>\nSeminar mit Professor J\u00f6rg B\u00fcrmann<\/span><\/span><\/td>\n<\/tr>\n<tr valign=\"top\">\n<td width=\"22%\" height=\"2\"><span style=\"color: #333399; font-family: verdana, geneva, sans-serif; font-size: 12pt;\"><span style=\"color: #000000;\">20.11.04<\/span><\/span><\/td>\n<td width=\"78%\" height=\"2\"><span style=\"font-family: verdana, geneva, sans-serif; font-size: 12pt;\"><span style=\"color: #000000;\"><a href=\"https:\/\/gpv-ev.de\/?page_id=217\" rel=\"noopener\">10 Jahre Reviertreffen<br \/>\nR\u00fcck-, Ein-, Ausblicke<\/a><\/span><\/span><\/td>\n<\/tr>\n<tr valign=\"top\">\n<td width=\"22%\" height=\"20\"><span style=\"font-family: verdana, geneva, sans-serif; font-size: 12pt;\"><span style=\"color: #000000;\">5.3 05<\/span><\/span><\/td>\n<td width=\"78%\" height=\"20\"><span style=\"font-family: verdana, geneva, sans-serif; font-size: 12pt;\"><span style=\"color: #000000;\">&#8230;im Fluss bleiben.<\/span><\/span><\/td>\n<\/tr>\n<tr valign=\"top\">\n<td width=\"22%\" height=\"39\"><span style=\"font-family: verdana, geneva, sans-serif; font-size: 12pt;\">18.6.05<\/span><\/td>\n<td width=\"78%\" height=\"39\"><span style=\"font-size: 12pt;\"><a href=\"https:\/\/gpv-ev.de\/?page_id=252\"><span style=\"font-family: verdana, geneva, sans-serif;\"><span style=\"color: #000000;\">&#8222;Weniger ist mehr&#8220; ?! &#8211;<br \/>\nvon der Schwierigkeit, das rechte Ma\u00df zu finden<\/span><\/span><\/a><\/span><\/td>\n<\/tr>\n<tr valign=\"top\">\n<td width=\"22%\" height=\"23\"><span style=\"font-family: verdana, geneva, sans-serif; font-size: 12pt;\">26.11.05<\/span><\/td>\n<td width=\"78%\" height=\"23\"><span style=\"font-family: verdana, geneva, sans-serif; font-size: 12pt;\"><a href=\"https:\/\/gpv-ev.de\/?page_id=226\" rel=\"noopener\">&#8230;im Fluss bleiben.<\/a> (Teil 2)<\/span><\/td>\n<\/tr>\n<tr valign=\"top\">\n<td width=\"22%\" height=\"32\"><span style=\"font-family: verdana, geneva, sans-serif; font-size: 12pt;\"><span style=\"color: #000000;\">18.3.06<\/span><\/span><\/td>\n<td width=\"78%\" height=\"32\"><span style=\"color: #000000; font-family: verdana, geneva, sans-serif; font-size: 12pt;\">Sonderseminar mit Professor J\u00f6rg B\u00fcrmann:<br \/>\nUmgang mit Widerstand<\/span><\/td>\n<\/tr>\n<tr valign=\"top\">\n<td width=\"22%\" height=\"23\"><span style=\"font-family: verdana, geneva, sans-serif; font-size: 12pt;\"><span style=\"color: #000000;\">13.5.06<\/span><\/span><\/td>\n<td width=\"78%\" height=\"23\"><span style=\"font-family: verdana, geneva, sans-serif; font-size: 12pt;\"><span style=\"color: #000000;\">Wer immer nur andere gie\u00dft, verwelkt selbst. <\/span><\/span><\/td>\n<\/tr>\n<tr valign=\"top\">\n<td width=\"22%\" height=\"23\"><span style=\"font-family: verdana, geneva, sans-serif; font-size: 12pt;\">25.11.06<\/span><\/td>\n<td width=\"78%\" height=\"23\"><span style=\"font-family: verdana, geneva, sans-serif; font-size: 12pt;\"><span style=\"color: #000000;\">Wer immer nur andere gie\u00dft, verwelkt selbst. (Teil 2)<\/span><\/span><\/td>\n<\/tr>\n<tr valign=\"top\">\n<td width=\"22%\" height=\"23\"><span style=\"font-family: verdana, geneva, sans-serif; font-size: 12pt;\">10.3.07<\/span><\/td>\n<td width=\"78%\" height=\"23\"><span style=\"font-family: verdana, geneva, sans-serif; font-size: 12pt;\"><a href=\"https:\/\/gpv-ev.de\/?page_id=228\" rel=\"noopener\">&#8222;(M)ein Koffer zum Aufbruch&#8220;<\/a><\/span><\/td>\n<\/tr>\n<tr valign=\"top\">\n<td width=\"22%\" height=\"23\"><span style=\"font-family: verdana, geneva, sans-serif; font-size: 12pt;\">10.11. 07 <\/span><\/td>\n<td width=\"78%\" height=\"23\"><span style=\"font-family: verdana, geneva, sans-serif; font-size: 12pt;\"><span style=\"color: #000000;\">Sonderseminar mit Professor J\u00f6rg B\u00fcrmann<\/span><br \/>\n<a href=\"https:\/\/gpv-ev.de\/?page_id=230\" target=\"_blank\" rel=\"noopener\">Einladung<\/a><\/span><\/td>\n<\/tr>\n<tr valign=\"top\">\n<td width=\"22%\" height=\"23\"><span style=\"font-family: verdana, geneva, sans-serif; font-size: 12pt;\">5.4.2008<\/span><\/td>\n<td width=\"78%\" height=\"23\"><span style=\"font-family: verdana, geneva, sans-serif; font-size: 12pt;\">Thema: Leistung (Teil 1)<\/span><\/td>\n<\/tr>\n<tr valign=\"top\">\n<td width=\"22%\" height=\"23\"><span style=\"font-family: verdana, geneva, sans-serif; font-size: 12pt;\">1.11.2008<\/span><\/td>\n<td width=\"78%\" height=\"23\"><span style=\"font-family: verdana, geneva, sans-serif; font-size: 12pt;\">Thema: Leistung (Teil2), Sonderseminar mit J\u00f6rg B\u00fcrmann<\/span><\/td>\n<\/tr>\n<tr valign=\"top\">\n<td width=\"22%\" height=\"23\"><span style=\"font-family: verdana, geneva, sans-serif; font-size: 12pt;\">14.3. 2009<\/span><\/td>\n<td width=\"78%\" height=\"23\"><span style=\"font-family: verdana, geneva, sans-serif; font-size: 12pt;\">Talente und F\u00e4higkeiten miteinander teilen <\/span><\/td>\n<\/tr>\n<tr valign=\"top\">\n<td width=\"22%\" height=\"23\"><span style=\"font-family: verdana, geneva, sans-serif; font-size: 12pt;\">28.11.2009<\/span><\/td>\n<td width=\"78%\" height=\"23\"><span style=\"font-family: verdana, geneva, sans-serif; font-size: 12pt;\">Mein fliegender Teppich<\/span><\/td>\n<\/tr>\n<tr valign=\"top\">\n<td width=\"22%\" height=\"23\"><span style=\"font-family: verdana, geneva, sans-serif; font-size: 12pt;\">M\u00e4rz 2010<\/span><\/td>\n<td width=\"78%\" height=\"23\"><span style=\"font-family: verdana, geneva, sans-serif; font-size: 12pt;\">Mein fliegender Teppich (II)<\/span><\/td>\n<\/tr>\n<tr valign=\"top\">\n<td width=\"22%\" height=\"23\"><span style=\"font-family: verdana, geneva, sans-serif; font-size: 12pt;\">20.11. 2010<\/span><\/td>\n<td width=\"78%\" height=\"23\"><span style=\"font-family: verdana, geneva, sans-serif; font-size: 12pt;\">Jeux Dramatiques<\/span><\/td>\n<\/tr>\n<tr valign=\"top\">\n<td width=\"22%\" height=\"33\"><span style=\"font-family: verdana, geneva, sans-serif; font-size: 12pt;\"><span style=\"color: #000000;\">19.2.2011<\/span><\/span><\/td>\n<td width=\"78%\" height=\"33\"><span style=\"color: #000000; font-family: verdana, geneva, sans-serif; font-size: 12pt;\">Sonderseminar mit Professor J\u00f6rg B\u00fcrmann<\/span><\/td>\n<\/tr>\n<tr valign=\"top\">\n<td width=\"22%\" height=\"33\"><span style=\"font-family: verdana, geneva, sans-serif; font-size: 12pt;\">3.3.2012<\/span><\/td>\n<td width=\"78%\" height=\"33\"><span style=\"color: #000000; font-family: verdana, geneva, sans-serif; font-size: 12pt;\">Fr\u00f6hlichkeit &#8211; Lachen &#8211; Humor<br \/>\n&#8222;au ja&#8220; und &#8222;oh je&#8220;<\/span><\/td>\n<\/tr>\n<tr valign=\"top\">\n<td width=\"22%\" height=\"33\"><span style=\"font-family: verdana, geneva, sans-serif; font-size: 12pt;\">29.9.2012<\/span><\/td>\n<td width=\"78%\" height=\"33\"><span style=\"color: #000000; font-family: verdana, geneva, sans-serif; font-size: 12pt;\">Fr\u00f6hlichkeit, Lachen, Humor. Wie halte ich es damit?<\/span><\/td>\n<\/tr>\n<tr valign=\"top\">\n<td width=\"22%\" height=\"33\"><span style=\"font-family: verdana, geneva, sans-serif; font-size: 12pt;\">20.4.2013<\/span><\/td>\n<td width=\"78%\" height=\"33\"><span style=\"color: #000000; font-family: verdana, geneva, sans-serif; font-size: 12pt;\">Innere und \u00e4u\u00dfere H\u00fcrden im Umgang mit der Inklusion<\/span><\/td>\n<\/tr>\n<tr valign=\"top\">\n<td width=\"22%\" height=\"33\"><span style=\"font-family: verdana, geneva, sans-serif; font-size: 12pt;\">20.-22.9.2013<\/span><\/td>\n<td width=\"78%\" height=\"33\"><span style=\"color: #000000; font-family: verdana, geneva, sans-serif; font-size: 12pt;\">Tagung in Hattingen<\/span><\/td>\n<\/tr>\n<tr valign=\"top\">\n<td width=\"22%\" height=\"33\"><span style=\"font-family: verdana, geneva, sans-serif; font-size: 12pt;\">Fr\u00fchjahr 2014 <\/span><\/td>\n<td width=\"78%\" height=\"33\"><span style=\"color: #000000; font-family: verdana, geneva, sans-serif; font-size: 12pt;\">&#8230;musste leider ausfallen!<\/span><\/td>\n<\/tr>\n<tr valign=\"top\">\n<td width=\"22%\" height=\"33\"><span style=\"font-family: verdana, geneva, sans-serif; font-size: 12pt;\">25.10.2014<\/span><\/td>\n<td width=\"78%\" height=\"33\"><span style=\"color: #000000; font-family: verdana, geneva, sans-serif; font-size: 12pt;\">Innere und \u00e4u\u00dfere H\u00fcrden im Umgang mit Inklusion Teil II und 20 Jahre Reviertreffen<\/span><\/td>\n<\/tr>\n<tr valign=\"top\">\n<td width=\"22%\" height=\"33\"><span style=\"font-family: verdana, geneva, sans-serif; font-size: 12pt;\">18.4.2015<\/span><\/td>\n<td width=\"78%\" height=\"33\"><span style=\"color: #000000; font-family: verdana, geneva, sans-serif; font-size: 12pt;\">Sonderseminar mit Uli Schmermund: Feedback<\/span><\/td>\n<\/tr>\n<tr valign=\"top\">\n<td width=\"22%\" height=\"33\"><span style=\"font-family: verdana, geneva, sans-serif; font-size: 12pt;\">25.-27.9.2015<\/span><\/td>\n<td width=\"78%\" height=\"33\"><span style=\"color: #000000; font-family: verdana, geneva, sans-serif; font-size: 12pt;\">Tagung in Hannover<\/span><\/td>\n<\/tr>\n<tr valign=\"top\">\n<td width=\"22%\" height=\"33\"><span style=\"font-family: verdana, geneva, sans-serif; font-size: 12pt;\">Fr\u00fchjahr 2016 <\/span><\/td>\n<td width=\"78%\" height=\"33\"><span style=\"color: #000000; font-family: verdana, geneva, sans-serif; font-size: 12pt;\">Geschwister<\/span><\/td>\n<\/tr>\n<tr valign=\"top\">\n<td width=\"22%\" height=\"33\"><span style=\"font-family: verdana, geneva, sans-serif; font-size: 12pt;\">Herbst 2017 <\/span><\/td>\n<td width=\"78%\" height=\"33\"><span style=\"color: #000000; font-family: verdana, geneva, sans-serif; font-size: 12pt;\">Tagung in Weilburg<\/span><\/td>\n<\/tr>\n<\/tbody>\n<\/table>\n<p><span style=\"font-family: verdana, geneva, sans-serif; font-size: 12pt;\">Wer eine Einladung zum n\u00e4chsten Treffen bekommen m\u00f6chte,<br \/>\nschickt eine Nachricht an: <a href=\"mailto:p.miritz@gmx.de\">p.miritz(at)gmx.de<\/a><\/span><\/p>\n<\/div>\n<\/div>\n<div id=\"Layer1\"><span style=\"font-family: verdana, geneva, sans-serif; font-size: 12pt;\">\u00a0<\/span><\/div>\n","protected":false},"excerpt":{"rendered":"<p>Revierbericht Das n\u00e4chste Treffen findet im Fr\u00fchjahr 2018 im Kufo statt. Am 3. September 1994 fand das erste Treffen des Ruhrgebiets statt. Wir treffen uns im Fr\u00fchjahr und Herbst\/Winter jeweils samstags von 12:00 &#8211; 16:00 Uhr im Kufo Essen-Steele. Unsere Struktur: 12:00 Uhr &#8211; 13:00 Uhr Ankommen, Kaffeetrinken, kennen lernen 13:00 Uhr &#8211; 16:00 Uhr [&hellip;]<\/p>\n","protected":false},"author":1,"featured_media":0,"parent":0,"menu_order":0,"comment_status":"closed","ping_status":"closed","template":"","meta":{"footnotes":""},"_links":{"self":[{"href":"https:\/\/gpv-ev.de\/index.php?rest_route=\/wp\/v2\/pages\/9"}],"collection":[{"href":"https:\/\/gpv-ev.de\/index.php?rest_route=\/wp\/v2\/pages"}],"about":[{"href":"https:\/\/gpv-ev.de\/index.php?rest_route=\/wp\/v2\/types\/page"}],"author":[{"embeddable":true,"href":"https:\/\/gpv-ev.de\/index.php?rest_route=\/wp\/v2\/users\/1"}],"replies":[{"embeddable":true,"href":"https:\/\/gpv-ev.de\/index.php?rest_route=%2Fwp%2Fv2%2Fcomments&post=9"}],"version-history":[{"count":27,"href":"https:\/\/gpv-ev.de\/index.php?rest_route=\/wp\/v2\/pages\/9\/revisions"}],"predecessor-version":[{"id":435,"href":"https:\/\/gpv-ev.de\/index.php?rest_route=\/wp\/v2\/pages\/9\/revisions\/435"}],"wp:attachment":[{"href":"https:\/\/gpv-ev.de\/index.php?rest_route=%2Fwp%2Fv2%2Fmedia&parent=9"}],"curies":[{"name":"wp","href":"https:\/\/api.w.org\/{rel}","templated":true}]}}