{"id":85,"date":"2017-11-12T02:19:42","date_gmt":"2017-11-12T02:19:42","guid":{"rendered":"http:\/\/relaunch.gpv-ev.de\/?page_id=85"},"modified":"2020-03-12T00:06:20","modified_gmt":"2020-03-12T00:06:20","slug":"gestaltpaedagogische-vereinigung-e-v","status":"publish","type":"page","link":"https:\/\/gpv-ev.de\/","title":{"rendered":"Gestaltp\u00e4dagogische Vereinigung e.V."},"content":{"rendered":"<div id=\"Layer7\">\n<div align=\"center\">\n<p style=\"text-align: left;\"><span style=\"font-family: verdana, geneva, sans-serif; font-size: 18pt;\">Die Gestaltp\u00e4dagogische Vereinigung e.V.<br \/>\nist ein Zusammenschluss von Menschen, die gestaltp\u00e4dagogisch arbeiten und sich f\u00fcr die Weiterentwicklung der Gestaltp\u00e4dagogik einsetzen.<\/span><\/p>\n<p style=\"text-align: left;\"><span style=\"font-family: verdana, geneva, sans-serif; font-size: 18pt;\"><a href=\"https:\/\/ehp-koeln.com\/zeitschriften\/zeitschriftfgp.php\" target=\"_blank\" rel=\"noopener noreferrer\"><img loading=\"lazy\" decoding=\"async\" class=\"alignnone size-full wp-image-448\" src=\"https:\/\/gpv-ev.de\/wp-content\/uploads\/2018\/09\/zfgp2018h11.gif\" alt=\"\" width=\"167\" height=\"238\" \/><\/a>\u00a0<a href=\"https:\/\/ehp-koeln.com\/zeitschriften\/zeitschriftfgp.php\" target=\"_blank\" rel=\"noopener noreferrer\"><img loading=\"lazy\" decoding=\"async\" class=\"alignnone wp-image-450 size-full\" src=\"https:\/\/gpv-ev.de\/wp-content\/uploads\/2018\/09\/zfgp2017h11.gif\" alt=\"\" width=\"167\" height=\"238\" \/><\/a>\u00a0<a href=\"https:\/\/ehp-koeln.com\/zeitschriften\/zeitschriftfgp.php\" target=\"_blank\" rel=\"noopener noreferrer\"><img loading=\"lazy\" decoding=\"async\" class=\"alignnone wp-image-451 size-full\" src=\"https:\/\/gpv-ev.de\/wp-content\/uploads\/2018\/09\/zfgp2015h11.gif\" alt=\"\" width=\"168\" height=\"237\" \/><\/a><\/span><\/p>\n<p style=\"text-align: left;\"><span style=\"font-size: 12pt;\"><strong><span style=\"font-family: verdana,geneva,sans-serif;\">Arbeitstagung: Samstag, 12. &#8211; 13. M\u00e4rz 2021 in Graz<br \/>\n<\/span><\/strong><\/span><\/p>\n<table style=\"width: 100%; border-collapse: collapse;\">\n<tbody>\n<tr>\n<td style=\"width: 16.01%;\" valign=\"top\"><span style=\"font-family: verdana,geneva,sans-serif;\">12. M\u00e4rz<\/span><\/td>\n<td style=\"width: 83.96%;\"><span style=\"font-family: verdana,geneva,sans-serif;\"><em>vormittags:<\/em> M\u00f6glichkeit zur Hospitation an den beiden gestaltp\u00e4dagogisch organisierten Schulen \u201eProjektschule Graz\u201c und \u201eModellschule Graz\u201c<\/span><br \/>\n<span style=\"font-family: verdana,geneva,sans-serif;\"><em>abends:<\/em> Mitgliederhauptversammlung<\/span><\/td>\n<\/tr>\n<tr>\n<td style=\"width: 16.01%;\"><span style=\"font-family: verdana,geneva,sans-serif;\">13. M\u00e4rz<\/span><\/td>\n<td style=\"width: 83.96%;\"><span style=\"font-family: verdana,geneva,sans-serif;\">Workshops\u00a0<\/span><\/td>\n<\/tr>\n<\/tbody>\n<\/table>\n<p style=\"text-align: left;\">\n<\/div>\n<\/div>\n","protected":false},"excerpt":{"rendered":"<p>Die Gestaltp\u00e4dagogische Vereinigung e.V. ist ein Zusammenschluss von Menschen, die gestaltp\u00e4dagogisch arbeiten und sich f\u00fcr die Weiterentwicklung der Gestaltp\u00e4dagogik einsetzen. \u00a0\u00a0 Arbeitstagung: Samstag, 12. &#8211; 13. M\u00e4rz 2021 in Graz 12. M\u00e4rz vormittags: M\u00f6glichkeit zur Hospitation an den beiden gestaltp\u00e4dagogisch organisierten Schulen \u201eProjektschule Graz\u201c und \u201eModellschule Graz\u201c abends: Mitgliederhauptversammlung 13. M\u00e4rz Workshops\u00a0<\/p>\n","protected":false},"author":1,"featured_media":0,"parent":0,"menu_order":0,"comment_status":"closed","ping_status":"closed","template":"","meta":{"footnotes":""},"_links":{"self":[{"href":"https:\/\/gpv-ev.de\/index.php?rest_route=\/wp\/v2\/pages\/85"}],"collection":[{"href":"https:\/\/gpv-ev.de\/index.php?rest_route=\/wp\/v2\/pages"}],"about":[{"href":"https:\/\/gpv-ev.de\/index.php?rest_route=\/wp\/v2\/types\/page"}],"author":[{"embeddable":true,"href":"https:\/\/gpv-ev.de\/index.php?rest_route=\/wp\/v2\/users\/1"}],"replies":[{"embeddable":true,"href":"https:\/\/gpv-ev.de\/index.php?rest_route=%2Fwp%2Fv2%2Fcomments&post=85"}],"version-history":[{"count":12,"href":"https:\/\/gpv-ev.de\/index.php?rest_route=\/wp\/v2\/pages\/85\/revisions"}],"predecessor-version":[{"id":548,"href":"https:\/\/gpv-ev.de\/index.php?rest_route=\/wp\/v2\/pages\/85\/revisions\/548"}],"wp:attachment":[{"href":"https:\/\/gpv-ev.de\/index.php?rest_route=%2Fwp%2Fv2%2Fmedia&parent=85"}],"curies":[{"name":"wp","href":"https:\/\/api.w.org\/{rel}","templated":true}]}}