{"id":83,"date":"2017-11-12T02:21:54","date_gmt":"2017-11-12T02:21:54","guid":{"rendered":"http:\/\/relaunch.gpv-ev.de\/?page_id=83"},"modified":"2018-01-23T13:18:22","modified_gmt":"2018-01-23T13:18:22","slug":"satzung","status":"publish","type":"page","link":"https:\/\/gpv-ev.de\/?page_id=83","title":{"rendered":"Satzung"},"content":{"rendered":"<div id=\"Layer7\">\n<div align=\"left\">\n<table border=\"0\" width=\"100%\" align=\"center\">\n<tbody>\n<tr>\n<td colspan=\"2\" height=\"18\"><span style=\"font-family: verdana, geneva, sans-serif; font-size: 12pt;\"><b>Satzung <\/b><a href=\"https:\/\/gpv-ev.de\/wp-content\/uploads\/2018\/01\/satzung20081.pdf\">(Download als PDF-Datei)<\/a><\/span><\/td>\n<\/tr>\n<tr>\n<td width=\"7%\"><span style=\"font-family: verdana, geneva, sans-serif; font-size: 12pt;\"><b>\u00a7 1 <\/b><\/span><\/td>\n<td width=\"93%\"><span style=\"font-family: verdana, geneva, sans-serif; font-size: 12pt;\"><b>Name, Sitz, Gesch\u00e4ftsjahr<\/b><\/span><\/td>\n<\/tr>\n<tr>\n<td valign=\"top\" width=\"7%\"><span style=\"font-family: verdana, geneva, sans-serif; font-size: 12pt;\">(1) <\/span><\/td>\n<td width=\"93%\"><span style=\"font-family: verdana, geneva, sans-serif; font-size: 12pt;\">Der Verein f\u00fchrt den Namen &#8222;Gestaltp\u00e4dagogische Vereinigung&#8220; (GPV). Der Verein soll in das Vereinsregister eingetragen werden. Nach erfolgter Eintragung wird der Name mit dem Zusatz e.V. versehen.<\/span><\/td>\n<\/tr>\n<tr>\n<td valign=\"top\" width=\"7%\"><span style=\"font-family: verdana, geneva, sans-serif; font-size: 12pt;\">(2)<\/span><\/td>\n<td width=\"93%\"><span style=\"font-family: verdana, geneva, sans-serif; font-size: 12pt;\">Der Verein hat seinen Sitz in Berlin. Als Postanschrift gilt die Adresse des\/der jeweiligen 1. Vorsitzenden.<\/span><\/td>\n<\/tr>\n<tr>\n<td valign=\"top\" width=\"7%\"><span style=\"font-family: verdana, geneva, sans-serif; font-size: 12pt;\">(3)<\/span><\/td>\n<td width=\"93%\"><span style=\"font-family: verdana, geneva, sans-serif; font-size: 12pt;\">Das Gesch\u00e4ftsjahr des Vereins ist das Kalenderjahr.<\/span><\/td>\n<\/tr>\n<tr>\n<td valign=\"top\" width=\"7%\"><span style=\"font-family: verdana, geneva, sans-serif; font-size: 12pt;\"><b>\u00a7 2<\/b><\/span><\/td>\n<td width=\"93%\"><span style=\"font-family: verdana, geneva, sans-serif; font-size: 12pt;\"><b>Zweck des Vereins<\/b><\/span><\/td>\n<\/tr>\n<tr>\n<td valign=\"top\" width=\"7%\"><span style=\"font-family: verdana, geneva, sans-serif; font-size: 12pt;\">\u00a0<\/span><\/td>\n<td valign=\"top\" width=\"93%\"><span style=\"font-family: verdana, geneva, sans-serif; font-size: 12pt;\">Zweck des Vereins ist es, zu einer Humanisierung von Bildungsinstitutionen insbesondere dadurch beizutragen, da\u00df er die Weiterentwicklung und Verbreitung der Gestaltp\u00e4dagogik in Theorie und Praxis f\u00f6rdert und unterst\u00fctzt.<br \/>\nZu diesem Zweck kann der Verein u.a. folgende Aktivit\u00e4ten anregen oder unterst\u00fctzen:<\/span><\/p>\n<ul>\n<li><span style=\"font-family: verdana, geneva, sans-serif; font-size: 12pt;\">Austausch von Informationen und Aufbau eines \u00fcberregionalen Netzwerkes zwischen den Gestaltp\u00e4dagoginnen und -p\u00e4dagogen. <\/span><\/li>\n<li><span style=\"font-family: verdana, geneva, sans-serif; font-size: 12pt;\">Organisation von Informations- und Fortbildungsveranstaltungen sowie von regionalen und \u00fcberregionalen Tagungen.<\/span><\/li>\n<li><span style=\"font-family: verdana, geneva, sans-serif; font-size: 12pt;\">Verbreitung von Informations- und Arbeitsmaterialien (z.B. durch Herausgabe einer Zeitschrift).<\/span><\/li>\n<li><span style=\"font-family: verdana, geneva, sans-serif; font-size: 12pt;\">F\u00f6rderung von &#8211; und Teilnahme an Reformversuchen in p\u00e4dagogischen Einrichtungen und Weiterbildungsprojekten.<\/span><\/li>\n<li><span style=\"font-family: verdana, geneva, sans-serif; font-size: 12pt;\">Initiativen zur Ver\u00e4nderung der Lern- und Arbeitsbedingungen in p\u00e4dagogischen Institutionen.<\/span><\/li>\n<li><span style=\"font-family: verdana, geneva, sans-serif; font-size: 12pt;\">F\u00f6rderung der Zusammenarbeit zwischen den gestaltp\u00e4dagogischen Ausbildungsinstituten.<\/span><\/li>\n<li><span style=\"font-family: verdana, geneva, sans-serif; font-size: 12pt;\">Entwicklung von Konzepten f\u00fcr eine qualifizierte gestaltp\u00e4dagogische Weiterbildung.<\/span><\/li>\n<li><span style=\"font-family: verdana, geneva, sans-serif; font-size: 12pt;\">Verbreitung und Vertiefung gestaltp\u00e4dagogischer Handlungskompetenzen.<\/span><\/li>\n<li><span style=\"font-family: verdana, geneva, sans-serif; font-size: 12pt;\">F\u00f6rderung und Anerkennung dieser Kompetenzen in der beruflichen und institutionellen \u00d6ffentlichkeit.<br \/>\n<\/span><\/li>\n<\/ul>\n<\/td>\n<\/tr>\n<tr>\n<td valign=\"top\" width=\"7%\"><span style=\"font-family: verdana, geneva, sans-serif; font-size: 12pt;\"><b>\u00a7 3<\/b><\/span><\/td>\n<td width=\"93%\"><span style=\"font-family: verdana, geneva, sans-serif; font-size: 12pt;\"><b>Gemeinn\u00fctzigkeit<\/b><\/span><\/td>\n<\/tr>\n<tr>\n<td valign=\"top\" width=\"7%\" height=\"171\"><span style=\"font-family: verdana, geneva, sans-serif; font-size: 12pt;\">(1)<\/span><\/td>\n<td valign=\"top\" width=\"93%\" height=\"171\"><span style=\"font-family: verdana, geneva, sans-serif; font-size: 12pt;\">Der Zweck des Vereins ist nicht auf Gewinnerzielung gerichtet. Etwaige Gewinne und \u00dcbersch\u00fcsse, die dem Verein aus seiner T\u00e4tigkeit oder aus etwaigem Verm\u00f6gen zuflie\u00dfen, sind ausschlie\u00dflich satzungsm\u00e4\u00dfigen<br \/>\nZielen des Vereins zuzuf\u00fchren.<br \/>\n<b>Der Verein dient ausschlie\u00dflich und unmittelbar gemeinn\u00fctzigen Zwecken im Sinne des Abschnitts &#8222;Steuerbeg\u00fcnstigte Zwecke&#8220; der Abgabenordnung. <\/b>Es darf keine Person durch Ausgaben, die dem Zweck der K\u00f6rperschaft fremd sind, oder durch unverh\u00e4ltnism\u00e4\u00dfig hohe Verg\u00fctungen beg\u00fcnstigt werden.<\/span><\/td>\n<\/tr>\n<tr>\n<td valign=\"top\" width=\"7%\" height=\"145\"><span style=\"font-family: verdana, geneva, sans-serif; font-size: 12pt;\">(2)<\/span><\/td>\n<td valign=\"top\" width=\"93%\" height=\"145\"><span style=\"font-family: verdana, geneva, sans-serif; font-size: 12pt;\">Die Mitglieder erhalten keine Gewinnanteile und in ihrer Eigenschaft als Mitglieder auch keine sonstigen Verg\u00fcnstigungen aus Mitteln des Vereins. Bei ihrem Ausscheiden oder bei Aufl\u00f6sung des Vereins stehen den<br \/>\nMitgliedern keine aus der Mitgliedschaft im Verein herr\u00fchrenden Anspr\u00fcche gegen\u00fcber dem Verein zu.<br \/>\nDer Verein ist selbstlos t\u00e4tig. Mittel des Vereins d\u00fcrfen nur f\u00fcr satzungsgem\u00e4\u00dfe Zwecke verwendet werden, dazu geh\u00f6ren auch Kosten, die im Zusammenhang mit vereinsrelevanten T\u00e4tigkeiten entstehen. Diese k\u00f6nnen erstattet werden.<\/span><\/td>\n<\/tr>\n<tr>\n<td valign=\"top\" width=\"7%\" height=\"72\"><span style=\"font-family: verdana, geneva, sans-serif; font-size: 12pt;\">(3)<\/span><\/td>\n<td valign=\"top\" width=\"93%\" height=\"72\"><span style=\"font-family: verdana, geneva, sans-serif; font-size: 12pt;\">Bei der Aufl\u00f6sung oder Aufhebung des Vereins oder Wegfall des bisherigen Zwecks f\u00e4llt das Restverm\u00f6gen an eine als steuerbeg\u00fcnstigt besonders anerkannte K\u00f6rperschaft zum Zwecke der Verwendung f\u00fcr erzieherische Aufgaben. Beschl\u00fcsse des Vereins \u00fcber die k\u00fcnftige Verwendung des Verm\u00f6gens d\u00fcrfen erst nach Einwilligung des Finanzamtes ausgef\u00fchrt werden.<\/span><\/td>\n<\/tr>\n<tr>\n<td valign=\"top\" width=\"7%\" height=\"16\"><span style=\"font-family: verdana, geneva, sans-serif; font-size: 12pt;\"><b>\u00a7 4<\/b><\/span><\/td>\n<td valign=\"top\" width=\"93%\" height=\"16\"><span style=\"font-family: verdana, geneva, sans-serif; font-size: 12pt;\"><b>Erwerb der Mitgliedschaft<\/b><\/span><\/td>\n<\/tr>\n<tr>\n<td valign=\"top\" width=\"7%\" height=\"110\"><span style=\"font-family: verdana, geneva, sans-serif; font-size: 12pt;\">(1)<\/span><\/td>\n<td valign=\"top\" width=\"93%\" height=\"110\"><span style=\"font-family: verdana, geneva, sans-serif; font-size: 12pt;\">Mitglieder k\u00f6nnen alle vollj\u00e4hrigen Personen werden, die gestaltp\u00e4dagogisch arbeiten und sich um die Weiterentwicklung der Gestaltp\u00e4dagogik bem\u00fchen. \u00dcber den Antrag entscheidet der Vorstand. Der Aufnahmeantrag ist schriftlich an den Vorstand zu richten. Der Antrag sollte Angaben zur Person und eine kurze Beschreibung des T\u00e4tigkeitsfeldes enthalten. Der Antragsteller erkennt mit der Stellung des Antrags f\u00fcr den Fall seiner Aufnahme die Satzung an und verpflichtet sich zur Zahlung des von der Mitgliederversammlung festgesetzten Beitrags.<\/span><\/td>\n<\/tr>\n<tr>\n<td valign=\"top\" width=\"7%\" height=\"35\"><span style=\"font-family: verdana, geneva, sans-serif; font-size: 12pt;\">(2)<\/span><\/td>\n<td valign=\"top\" width=\"93%\" height=\"35\"><span style=\"font-family: verdana, geneva, sans-serif; font-size: 12pt;\">F\u00f6rderndes Mitglied kann jede vollj\u00e4hrige nat\u00fcrliche und jede juristische Person werden, die an der Unterst\u00fctzung und F\u00f6rderung des Vereins und seiner Zielsetzung interessiert ist.<\/span><\/td>\n<\/tr>\n<tr>\n<td valign=\"top\" width=\"7%\" height=\"10\"><span style=\"font-family: verdana, geneva, sans-serif; font-size: 12pt;\"><b>\u00a7 5<\/b><\/span><\/td>\n<td valign=\"top\" width=\"93%\" height=\"10\"><span style=\"font-family: verdana, geneva, sans-serif; font-size: 12pt;\"><b>Rechte und Pflichten der Mitglieder<\/b><\/span><\/td>\n<\/tr>\n<tr>\n<td valign=\"top\" width=\"7%\" height=\"35\"><span style=\"font-family: verdana, geneva, sans-serif; font-size: 12pt;\">(1)<\/span><\/td>\n<td valign=\"top\" width=\"93%\" height=\"35\"><span style=\"font-family: verdana, geneva, sans-serif; font-size: 12pt;\">Die Mitglieder sind verpflichtet, nach besten Kr\u00e4ften den Vereinszweck zu f\u00f6rdern und die Interessen des Vereins zu wahren. Beschl\u00fcsse und Anordnungen der Mitgliederversammlung sind einzuhalten.<\/span><\/td>\n<\/tr>\n<tr>\n<td valign=\"top\" width=\"7%\" height=\"35\"><span style=\"font-family: verdana, geneva, sans-serif; font-size: 12pt;\">(2)<\/span><\/td>\n<td valign=\"top\" width=\"93%\" height=\"35\"><span style=\"font-family: verdana, geneva, sans-serif; font-size: 12pt;\">In der Mitgliederversammlung haben die Vereinsmitglieder gleiches Stimmrecht. Eine \u00dcbertragung des Stimmrechts ist nicht zul\u00e4ssig.<\/span><\/td>\n<\/tr>\n<tr>\n<td valign=\"top\" width=\"7%\" height=\"21\"><span style=\"font-family: verdana, geneva, sans-serif; font-size: 12pt;\">(3)<\/span><\/td>\n<td valign=\"top\" width=\"93%\" height=\"21\"><span style=\"font-family: verdana, geneva, sans-serif; font-size: 12pt;\">F\u00f6rdernde Mitglieder haben kein Stimmrecht.<\/span><\/td>\n<\/tr>\n<tr>\n<td valign=\"top\" width=\"7%\" height=\"16\"><span style=\"font-family: verdana, geneva, sans-serif; font-size: 12pt;\"><b>\u00a7 6<\/b><\/span><\/td>\n<td valign=\"top\" width=\"93%\" height=\"16\"><span style=\"font-family: verdana, geneva, sans-serif; font-size: 12pt;\"><b>Beendigung der Mitgliedschaft<\/b><\/span><\/td>\n<\/tr>\n<tr>\n<td valign=\"top\" width=\"7%\" height=\"20\"><span style=\"font-family: verdana, geneva, sans-serif; font-size: 12pt;\">(1)<\/span><\/td>\n<td valign=\"top\" width=\"93%\" height=\"20\"><span style=\"font-family: verdana, geneva, sans-serif; font-size: 12pt;\">Die Mitgliedschaft endet durch den Tod, durch Austritt oder durch Ausschluss.<\/span><\/td>\n<\/tr>\n<tr>\n<td valign=\"top\" width=\"7%\" height=\"35\"><span style=\"font-family: verdana, geneva, sans-serif; font-size: 12pt;\">(2)<\/span><\/td>\n<td valign=\"top\" width=\"93%\" height=\"35\"><span style=\"font-family: verdana, geneva, sans-serif; font-size: 12pt;\">Der freiwillige Austritt eines Vereinsmitglieds erfolgt durch schriftliche Erkl\u00e4rung gegen\u00fcber einem Mitglied des Vorstandes. Er ist nur zum Schluss eines Kalenderjahres unter Einhaltung einer K\u00fcndigungsfrist von drei Monaten zul\u00e4ssig.<\/span><\/td>\n<\/tr>\n<tr>\n<td valign=\"top\" width=\"7%\" height=\"35\"><span style=\"font-family: verdana, geneva, sans-serif; font-size: 12pt;\">(3)<\/span><\/td>\n<td valign=\"top\" width=\"93%\" height=\"35\"><span style=\"font-family: verdana, geneva, sans-serif; font-size: 12pt;\">Bei Vorliegen eines wichtigen Grundes kann ein Mitglied aus dem Verein durch Beschluss der Mitgliederversammlung ausgeschlossen werden. Als wichtiger Grund ist insbesondere ein den Vereinszwecken zuwiderhandelndes Vergehen anzusehen.<\/span><\/td>\n<\/tr>\n<tr>\n<td valign=\"top\" width=\"7%\" height=\"17\"><span style=\"font-family: verdana, geneva, sans-serif; font-size: 12pt;\"><b>\u00a7 7<\/b><\/span><\/td>\n<td valign=\"top\" width=\"93%\" height=\"17\"><span style=\"font-family: verdana, geneva, sans-serif; font-size: 12pt;\"><b>Organe des Vereins<\/b><\/span><\/td>\n<\/tr>\n<tr>\n<td valign=\"top\" width=\"7%\" height=\"35\"><span style=\"font-family: verdana, geneva, sans-serif; font-size: 12pt;\">\u00a0<\/span><\/td>\n<td valign=\"top\" width=\"93%\" height=\"35\"><span style=\"font-family: verdana, geneva, sans-serif; font-size: 12pt;\">Organe des Vereins sind der Vorstand und die Mitgliederversammlung. Durch Beschluss der Mitgliederversammlung k\u00f6nnen weitere Organe gebildet werden.<\/span><\/td>\n<\/tr>\n<tr>\n<td valign=\"top\" width=\"7%\" height=\"17\"><span style=\"font-family: verdana, geneva, sans-serif; font-size: 12pt;\"><b>\u00a7 8<\/b><\/span><\/td>\n<td valign=\"top\" width=\"93%\" height=\"17\"><span style=\"font-family: verdana, geneva, sans-serif; font-size: 12pt;\"><b>Vorstand<\/b><\/span><\/td>\n<\/tr>\n<tr>\n<td valign=\"top\" width=\"7%\" height=\"35\"><span style=\"font-family: verdana, geneva, sans-serif; font-size: 12pt;\">(1)<\/span><\/td>\n<td valign=\"top\" width=\"93%\" height=\"35\"><span style=\"font-family: verdana, geneva, sans-serif; font-size: 12pt;\">Der Vorstand besteht aus der\/dem 1. Vorsitzenden, der\/dem 2. Vorsitzenden, der\/dem Schatzmeister\/in. Ihm k\u00f6nnen weitere Mitglieder gleichberechtigt zugeordnet werden.<\/span><\/td>\n<\/tr>\n<tr>\n<td valign=\"top\" width=\"7%\" height=\"35\"><span style=\"font-family: verdana, geneva, sans-serif; font-size: 12pt;\">(2)<\/span><\/td>\n<td valign=\"top\" width=\"93%\" height=\"35\"><span style=\"font-family: verdana, geneva, sans-serif; font-size: 12pt;\">Die Vorsitzenden sind die gesch\u00e4ftsf\u00fchrenden Vorst\u00e4nde. Die\/der 1. Vorsitzende, die\/der 2. Vorsitzende oder die\/der Schatzmeister\/in &#8211; jede\/r f\u00fcr sich allein &#8211; vertreten den Verein gerichtlich und au\u00dfergerichtlich im Sinne des \u00a7 26 Abs. 2 BGB. Rechtsgesch\u00e4fte mit einem Gesch\u00e4ftswert \u00fcber 5000,- \u00a0Euro sind f\u00fcr den Verein nur verbindlich, wenn die Zustimmung der Mitgliederversammlung hierzu schriftlich vorliegt.<\/span><\/td>\n<\/tr>\n<tr>\n<td valign=\"top\" width=\"7%\" height=\"35\"><span style=\"font-family: verdana, geneva, sans-serif; font-size: 12pt;\">(3)<\/span><\/td>\n<td valign=\"top\" width=\"93%\" height=\"35\"><span style=\"font-family: verdana, geneva, sans-serif; font-size: 12pt;\">Der Vorstand f\u00fchrt die laufenden Gesch\u00e4fte des Vereins. Ihm obliegt die Verwaltung des Vereinsverm\u00f6gens.<\/span><\/td>\n<\/tr>\n<tr>\n<td valign=\"top\" width=\"7%\" height=\"35\"><span style=\"font-family: verdana, geneva, sans-serif; font-size: 12pt;\">(4)<\/span><\/td>\n<td valign=\"top\" width=\"93%\" height=\"35\"><span style=\"font-family: verdana, geneva, sans-serif; font-size: 12pt;\">Der\/die Schatzmeister\/in verwaltet die Vereinskasse und f\u00fchrt Buch \u00fcber die Einnahmen und Ausgaben.<\/span><\/td>\n<\/tr>\n<tr>\n<td valign=\"top\" width=\"7%\" height=\"35\"><span style=\"font-family: verdana, geneva, sans-serif; font-size: 12pt;\">(5)<\/span><\/td>\n<td valign=\"top\" width=\"93%\" height=\"35\"><span style=\"font-family: verdana, geneva, sans-serif; font-size: 12pt;\">Der Vorstand wird von der ordentlichen Mitgliederversammlung f\u00fcr die Dauer von zwei Jahren mit einfacher Mehrheit gew\u00e4hlt. In den Vorstand k\u00f6nnen nur ordentliche Mitglieder gew\u00e4hlt werden. Der Vorstand bleibt so lange im Amt, bis ein neuer gew\u00e4hlt ist. Der Vorstand ist auch vor Ablauf seiner Amtsperiode jederzeit von der ordentlichen Mitgliederversammlung abw\u00e4hlbar.<\/span><\/td>\n<\/tr>\n<tr>\n<td valign=\"top\" width=\"7%\" height=\"21\"><span style=\"font-family: verdana, geneva, sans-serif; font-size: 12pt;\"><b>\u00a7 9<\/b><\/span><\/td>\n<td valign=\"top\" width=\"93%\" height=\"21\"><span style=\"font-family: verdana, geneva, sans-serif; font-size: 12pt;\"><b>Ordentliche Mitgliederversammlung<\/b><\/span><\/td>\n<\/tr>\n<tr>\n<td valign=\"top\" width=\"7%\" height=\"20\"><span style=\"font-family: verdana, geneva, sans-serif; font-size: 12pt;\">(1)<\/span><\/td>\n<td valign=\"top\" width=\"93%\" height=\"20\"><span style=\"font-family: verdana, geneva, sans-serif; font-size: 12pt;\">Die Mitgliederversammlung ist mindestens alle zwei Jahre durch den Vorstand einzuberufen.<\/span><\/td>\n<\/tr>\n<tr>\n<td valign=\"top\" width=\"7%\" height=\"35\"><span style=\"font-family: verdana, geneva, sans-serif; font-size: 12pt;\">(2)<\/span><\/td>\n<td valign=\"top\" width=\"93%\" height=\"35\"><span style=\"font-family: verdana, geneva, sans-serif; font-size: 12pt;\">Die Mitglieder sind unter Bekanntgabe der Tagesordnung und unter Einhaltung einer Ladungsfrist von 6 Wochen schriftlich einzuladen.<\/span><\/td>\n<\/tr>\n<tr>\n<td valign=\"top\" width=\"7%\" height=\"35\"><span style=\"font-family: verdana, geneva, sans-serif; font-size: 12pt;\">(3)<\/span><\/td>\n<td valign=\"top\" width=\"93%\" height=\"35\"><span style=\"font-family: verdana, geneva, sans-serif; font-size: 12pt;\">Die ordnungsgem\u00e4\u00df einberufene Mitgliederversammlung ist beschlussf\u00e4hig. Die Beschlussfassung erfolgt durch einfache Stimmenmehrheit. Bei Stimmengleichheit entscheidet das Los. Bei Beschl\u00fcssen \u00fcber die \u00c4nderung der Satzung und des Vereinszweckes sowie die Aufl\u00f6sung des Vereins und den Ausschluss von Mitgliedern ist eine Stimmenmehrheit von 3\/4 der anwesenden Mitglieder erforderlich.<\/span><\/td>\n<\/tr>\n<tr>\n<td valign=\"top\" width=\"7%\" height=\"35\"><span style=\"font-family: verdana, geneva, sans-serif; font-size: 12pt;\">(4)<\/span><\/td>\n<td valign=\"top\" width=\"93%\" height=\"35\"><span style=\"font-family: verdana, geneva, sans-serif; font-size: 12pt;\">\u00dcber die Verhandlungen und Beschl\u00fcsse der Mitgliederversammlung ist ein Protokoll zu f\u00fchren. Der Versammlungsleiter und der Protokollf\u00fchrer beurkunden das Protokoll.<\/span><\/td>\n<\/tr>\n<tr>\n<td valign=\"top\" width=\"7%\" height=\"20\"><span style=\"font-family: verdana, geneva, sans-serif; font-size: 12pt;\"><b>\u00a7 10<\/b><\/span><\/td>\n<td valign=\"top\" width=\"93%\" height=\"20\"><span style=\"font-family: verdana, geneva, sans-serif; font-size: 12pt;\"><b>Au\u00dferordentliche Mitgliederversammlung<\/b><\/span><\/td>\n<\/tr>\n<tr>\n<td valign=\"top\" width=\"7%\" height=\"35\"><span style=\"font-family: verdana, geneva, sans-serif; font-size: 12pt;\">\u00a0<\/span><\/td>\n<td valign=\"top\" width=\"93%\" height=\"35\"><span style=\"font-family: verdana, geneva, sans-serif; font-size: 12pt;\">Dem Vorstand obliegt die Einberufung einer au\u00dferordentlichen Mitgliederversammlung auf Verlangen von 10% aller Mitglieder oder wenn das Interesse des Vereins es erfordert. Im \u00fcbrigen gelten die Bestimmungen f\u00fcr die ordentliche Mitgliederversammlung entsprechend.<\/span><\/td>\n<\/tr>\n<tr>\n<td valign=\"top\" width=\"7%\" height=\"19\"><span style=\"font-family: verdana, geneva, sans-serif; font-size: 12pt;\"><b>\u00a7 11<\/b><\/span><\/td>\n<td valign=\"top\" width=\"93%\" height=\"19\"><span style=\"font-family: verdana, geneva, sans-serif; font-size: 12pt;\"><b>Aufgaben der Mitgliederversammlung<\/b><\/span><\/td>\n<\/tr>\n<tr>\n<td valign=\"top\" width=\"7%\" height=\"165\"><span style=\"font-family: verdana, geneva, sans-serif; font-size: 12pt;\">(1)<\/span><\/td>\n<td valign=\"top\" width=\"93%\" height=\"165\"><span style=\"font-family: verdana, geneva, sans-serif; font-size: 12pt;\">Die Mitgliederversammlung hat folgende Aufgaben:<br \/>\n1. Wahl des Versammlungsleiters und des Protokollf\u00fchrers<br \/>\n2. Wahl des Vorstandes sowie dessen Entlastung<br \/>\n3. Beschlussfassung \u00fcber Satzungs\u00e4nderung<br \/>\n4. Kontrolle \u00fcber die Arbeit des Vorstandes<br \/>\n5. Beschlussfassung \u00fcber die grunds\u00e4tzlichen Angelegenheiten des Vereins sowie<br \/>\n\u00fcber den Jahresbeitrag der Mitglieder<br \/>\n6. Beschlussfassung \u00fcber Weisungen an den Vorstand<br \/>\n7. Beschlussfassung \u00fcber Aufl\u00f6sung des Vereins<\/span><\/td>\n<\/tr>\n<tr>\n<td valign=\"top\" width=\"7%\" height=\"35\"><span style=\"font-family: verdana, geneva, sans-serif; font-size: 12pt;\">(2)<\/span><\/td>\n<td valign=\"top\" width=\"93%\" height=\"35\"><span style=\"font-family: verdana, geneva, sans-serif; font-size: 12pt;\">Die Mitgliederversammlung kann f\u00fcr bestimmte Aufgaben st\u00e4ndige oder zeitlich befristete Aussch\u00fcsse einsetzen.<\/span><\/td>\n<\/tr>\n<tr>\n<td valign=\"top\" width=\"7%\" height=\"15\"><span style=\"font-family: verdana, geneva, sans-serif; font-size: 12pt;\"><b>\u00a7 12<\/b><\/span><\/td>\n<td valign=\"top\" width=\"93%\" height=\"15\"><span style=\"font-family: verdana, geneva, sans-serif; font-size: 12pt;\"><b>Zertifikat<\/b><\/span><\/td>\n<\/tr>\n<tr>\n<td valign=\"top\" width=\"7%\" height=\"35\"><span style=\"font-family: verdana, geneva, sans-serif; font-size: 12pt;\">\u00a0<\/span><\/td>\n<td valign=\"top\" width=\"93%\" height=\"35\"><span style=\"font-family: verdana, geneva, sans-serif; font-size: 12pt;\">Der Verein kann seinen Mitgliedern ein Zertifikat \u00fcber ihre Qualifizierung als Gestaltp\u00e4dagogin\/-Gestaltp\u00e4dagogen ausstellen. Dieses Zertifikat setzt den Abschluss einer qualifizierten gestaltp\u00e4dagogischen Weiterbildung voraus.<\/span><\/td>\n<\/tr>\n<tr>\n<td valign=\"top\" width=\"7%\" height=\"13\"><span style=\"font-family: verdana, geneva, sans-serif; font-size: 12pt;\"><b>\u00a7 13<\/b><\/span><\/td>\n<td valign=\"top\" width=\"93%\" height=\"13\"><span style=\"font-family: verdana, geneva, sans-serif; font-size: 12pt;\"><b>Aufl\u00f6sung des Vereins<\/b><\/span><\/td>\n<\/tr>\n<tr>\n<td valign=\"top\" width=\"7%\" height=\"18\"><span style=\"font-family: verdana, geneva, sans-serif; font-size: 12pt;\">\u00a0<\/span><\/td>\n<td valign=\"top\" width=\"93%\" height=\"18\"><span style=\"font-family: verdana, geneva, sans-serif; font-size: 12pt;\">Die Aufl\u00f6sung des Vereins erfolgt durch den Beschluss der Mitgliederversammlung.<\/span><\/td>\n<\/tr>\n<tr>\n<td valign=\"top\" width=\"7%\" height=\"17\"><span style=\"font-family: verdana, geneva, sans-serif; font-size: 12pt;\"><b>\u00a7 14<\/b><\/span><\/td>\n<td valign=\"top\" width=\"93%\" height=\"17\"><span style=\"font-family: verdana, geneva, sans-serif; font-size: 12pt;\"><b>Inkraftsetzung<\/b><\/span><\/td>\n<\/tr>\n<tr>\n<td valign=\"top\" height=\"37\"><span style=\"font-family: verdana, geneva, sans-serif; font-size: 12pt;\">\u00a0<\/span><\/td>\n<td valign=\"top\" height=\"37\"><span style=\"font-family: verdana, geneva, sans-serif; font-size: 12pt;\">Vorliegende Satzung wurde auf der Gr\u00fcndungsversammlung des Vereins am 12.10.1989 beschlossen.<\/span><\/td>\n<\/tr>\n<\/tbody>\n<\/table>\n<\/div>\n<\/div>\n<div id=\"Layer1\"><span style=\"font-family: verdana, geneva, sans-serif; font-size: 12pt;\">\u00a0<\/span><\/div>\n","protected":false},"excerpt":{"rendered":"<p>Satzung (Download als PDF-Datei) \u00a7 1 Name, Sitz, Gesch\u00e4ftsjahr (1) Der Verein f\u00fchrt den Namen &#8222;Gestaltp\u00e4dagogische Vereinigung&#8220; (GPV). Der Verein soll in das Vereinsregister eingetragen werden. Nach erfolgter Eintragung wird der Name mit dem Zusatz e.V. versehen. (2) Der Verein hat seinen Sitz in Berlin. Als Postanschrift gilt die Adresse des\/der jeweiligen 1. Vorsitzenden. (3) [&hellip;]<\/p>\n","protected":false},"author":1,"featured_media":0,"parent":0,"menu_order":0,"comment_status":"closed","ping_status":"closed","template":"","meta":{"footnotes":""},"_links":{"self":[{"href":"https:\/\/gpv-ev.de\/index.php?rest_route=\/wp\/v2\/pages\/83"}],"collection":[{"href":"https:\/\/gpv-ev.de\/index.php?rest_route=\/wp\/v2\/pages"}],"about":[{"href":"https:\/\/gpv-ev.de\/index.php?rest_route=\/wp\/v2\/types\/page"}],"author":[{"embeddable":true,"href":"https:\/\/gpv-ev.de\/index.php?rest_route=\/wp\/v2\/users\/1"}],"replies":[{"embeddable":true,"href":"https:\/\/gpv-ev.de\/index.php?rest_route=%2Fwp%2Fv2%2Fcomments&post=83"}],"version-history":[{"count":5,"href":"https:\/\/gpv-ev.de\/index.php?rest_route=\/wp\/v2\/pages\/83\/revisions"}],"predecessor-version":[{"id":262,"href":"https:\/\/gpv-ev.de\/index.php?rest_route=\/wp\/v2\/pages\/83\/revisions\/262"}],"wp:attachment":[{"href":"https:\/\/gpv-ev.de\/index.php?rest_route=%2Fwp%2Fv2%2Fmedia&parent=83"}],"curies":[{"name":"wp","href":"https:\/\/api.w.org\/{rel}","templated":true}]}}