{"id":73,"date":"2017-11-12T02:12:28","date_gmt":"2017-11-12T02:12:28","guid":{"rendered":"http:\/\/relaunch.gpv-ev.de\/?page_id=73"},"modified":"2020-03-12T00:24:31","modified_gmt":"2020-03-12T00:24:31","slug":"ziele","status":"publish","type":"page","link":"https:\/\/gpv-ev.de\/?page_id=73","title":{"rendered":"Ziele der Gestaltp\u00e4dagogischen Vereinigung"},"content":{"rendered":"<div id=\"Layer7\">\n<div align=\"left\">\n<p><span style=\"font-family: verdana,geneva,sans-serif;\"><span style=\"font-size: 18pt;\">Pr\u00e4ambel<\/span><br \/>\n<\/span><br \/>\n<span style=\"font-family: verdana,geneva,sans-serif;\">Gestalt als praktische Lebensphilosophie und Gesamthaltung bietet P\u00e4dagoginnen und P\u00e4dagogen die M\u00f6glichkeit, auf die vielf\u00e4ltigen Herausforderungen ihres beruflichen Alltags mit dem Entdecken, Erfinden und Ausprobieren eigener L\u00f6sungswege jenseits festgefahrener Denkmuster und \u00fcberkommener \u00dcberzeugungen zu antworten.<\/span><br \/>\n<span style=\"font-family: verdana,geneva,sans-serif;\">Gerade die Situation im Erziehungs- und Bildungsbereich ist gekennzeichnet von st\u00e4ndig wachsenden Forderungen: So sind p\u00e4dagogisch arbeitende Menschen zunehmend mit vielf\u00e4ltigen Anforderungen und Belastungen konfrontiert.<\/span><br \/>\n<span style=\"font-family: verdana,geneva,sans-serif;\"><strong>Daher verlangen die gesellschaftlichen Ver\u00e4nderungen eine P\u00e4dagogik, die in den jeweiligen Situationen entsprechende Antworten zu (er)finden wei\u00df.<\/strong><br \/>\n<\/span><br \/>\n<span style=\"font-family: verdana,geneva,sans-serif;\"><span style=\"font-size: 18pt;\">Unsere Ziele<\/span><\/span><\/p>\n<ul>\n<li><span style=\"font-family: verdana,geneva,sans-serif;\">Wir wollen die Gestaltp\u00e4dagogik weiterentwickeln und bekannt machen, um dadurch zu einer <strong>Humanisierung von p\u00e4dagogischen Prozessen<\/strong> beizutragen.\n<p><\/span><\/li>\n<li><span style=\"font-family: verdana,geneva,sans-serif;\">Wir wollen die <strong>zunehmende Anerkennung<\/strong> gestaltp\u00e4dagogischer Handlungskompetenzen im Beruf und in den Institutionen f\u00f6rdern.\n<p><\/span><\/li>\n<li><span style=\"font-family: verdana,geneva,sans-serif;\">Wir wollen die <strong>Zusammenarbeit<\/strong> gestaltp\u00e4dagogischer Weiterbildungsinstitutionen und die <strong>Weiterentwicklung von Konzepten<\/strong> f\u00fcr eine qualifizierte <strong>gestaltp\u00e4dagogische Ausbildung<\/strong> f\u00f6rdern.<\/span><\/li>\n<\/ul>\n<\/div>\n<\/div>\n","protected":false},"excerpt":{"rendered":"<p>Pr\u00e4ambel Gestalt als praktische Lebensphilosophie und Gesamthaltung bietet P\u00e4dagoginnen und P\u00e4dagogen die M\u00f6glichkeit, auf die vielf\u00e4ltigen Herausforderungen ihres beruflichen Alltags mit dem Entdecken, Erfinden und Ausprobieren eigener L\u00f6sungswege jenseits festgefahrener Denkmuster und \u00fcberkommener \u00dcberzeugungen zu antworten. Gerade die Situation im Erziehungs- und Bildungsbereich ist gekennzeichnet von st\u00e4ndig wachsenden Forderungen: So sind p\u00e4dagogisch arbeitende Menschen zunehmend [&hellip;]<\/p>\n","protected":false},"author":1,"featured_media":0,"parent":0,"menu_order":0,"comment_status":"closed","ping_status":"closed","template":"","meta":{"footnotes":""},"_links":{"self":[{"href":"https:\/\/gpv-ev.de\/index.php?rest_route=\/wp\/v2\/pages\/73"}],"collection":[{"href":"https:\/\/gpv-ev.de\/index.php?rest_route=\/wp\/v2\/pages"}],"about":[{"href":"https:\/\/gpv-ev.de\/index.php?rest_route=\/wp\/v2\/types\/page"}],"author":[{"embeddable":true,"href":"https:\/\/gpv-ev.de\/index.php?rest_route=\/wp\/v2\/users\/1"}],"replies":[{"embeddable":true,"href":"https:\/\/gpv-ev.de\/index.php?rest_route=%2Fwp%2Fv2%2Fcomments&post=73"}],"version-history":[{"count":5,"href":"https:\/\/gpv-ev.de\/index.php?rest_route=\/wp\/v2\/pages\/73\/revisions"}],"predecessor-version":[{"id":552,"href":"https:\/\/gpv-ev.de\/index.php?rest_route=\/wp\/v2\/pages\/73\/revisions\/552"}],"wp:attachment":[{"href":"https:\/\/gpv-ev.de\/index.php?rest_route=%2Fwp%2Fv2%2Fmedia&parent=73"}],"curies":[{"name":"wp","href":"https:\/\/api.w.org\/{rel}","templated":true}]}}