{"id":43,"date":"2017-11-12T02:21:54","date_gmt":"2017-11-12T02:21:54","guid":{"rendered":"http:\/\/relaunch.gpv-ev.de\/?page_id=43"},"modified":"2018-01-23T14:58:55","modified_gmt":"2018-01-23T14:58:55","slug":"theorie-und-praxis","status":"publish","type":"page","link":"https:\/\/gpv-ev.de\/?page_id=43","title":{"rendered":"Theorie und Praxis"},"content":{"rendered":"<div id=\"Layer7\">\n<div align=\"left\">\n<p><span style=\"font-family: verdana, geneva, sans-serif; font-size: 12pt;\"><strong>Prof. Dr. Rolf Bick<\/strong><\/span><\/p>\n<p><span style=\"font-family: verdana, geneva, sans-serif; font-size: 12pt;\"><a href=\"http:\/\/www.gestaltpaed.de\/tagung\/2005\/bick.htm\" target=\"_blank\" rel=\"noopener\">&#8222;Die Zukunft der Gestaltp\u00e4dagogik &#8211; Erinnerungen und Perspektiven&#8220;<\/a><\/span><br \/>\n<span style=\"font-family: verdana, geneva, sans-serif; font-size: 12pt;\"> Prof. Dr. Rolf Bick, Gestaltp\u00e4dagogische Tagung Berlin, 2005<\/span><\/p>\n<p><span style=\"font-family: verdana, geneva, sans-serif; font-size: 12pt;\"><a href=\"http:\/\/www.gestaltpaed.de\/arbeit\/theorie\/bickverhausschweinung.pdf\">&#8222;Rede gegen die Verhausschweinung der P\u00e4dagogen und f\u00fcr ein gutes Selbst- und Sendungsbewusstsein&#8220;<\/a>,<\/span><br \/>\n<span style=\"font-family: verdana, geneva, sans-serif; font-size: 12pt;\"> Prof. Dr. Rolf Bick, Gestaltp\u00e4dagogische Tagung Berlin, 2007<\/span><\/p>\n<p>&nbsp;<\/p>\n<p><span style=\"font-family: verdana, geneva, sans-serif; font-size: 12pt;\"><strong>Prof. Dr. phil. Ilse B\u00fcrmann<\/strong><\/span><\/p>\n<div id=\"Layer7\">\n<div align=\"left\">\n<p><span style=\"font-family: verdana, geneva, sans-serif; font-size: 12pt;\"><a href=\"http:\/\/www.gestaltpaed.de\/arbeit\/theorie\/buermann_professionalitaet.pdf\" target=\"_blank\" rel=\"noopener\">Gestaltp\u00e4dagogik im Kontext aktueller Professionalit\u00e4tsdiskurse<\/a>,<\/span><br \/>\n<span style=\"font-family: verdana, geneva, sans-serif; font-size: 12pt;\"> Vortrag von Prof. i. R. Dr. phil. Ilse B\u00fcrmann 2009, Gestaltp\u00e4dagogische Tagung 2009<\/span><\/p>\n<p>&nbsp;<\/p>\n<\/div>\n<\/div>\n<p><span style=\"font-family: verdana, geneva, sans-serif; font-size: 12pt;\"><strong>Prof. Dr. J\u00f6rg B\u00fcrmann<\/strong><\/span><\/p>\n<p><span style=\"font-family: verdana, geneva, sans-serif; font-size: 12pt;\"><a href=\"http:\/\/www.gestaltpaed.de\/arbeit\/theorie\/buermann2002.htm\">&#8222;Prinzipien lebensweltorientierten Lernens- \u00dcberlegungen aus der Sicht eines Gestaltp\u00e4dagogen&#8220;<\/a>,<\/span><br \/>\n<span style=\"font-family: verdana, geneva, sans-serif; font-size: 12pt;\"> aus einem Vortrag von Prof. Dr. J\u00f6rg B\u00fcrmann 2002, Exzerpt von Ute Kienzl<\/span><\/p>\n<p><span style=\"font-family: verdana, geneva, sans-serif; font-size: 12pt;\"><a href=\"http:\/\/www.gestaltpaed.de\/arbeit\/theorie\/buermannherausforderungen.pdf\">&#8222;Antworten auf neue Herausforderungen&#8220; oder &#8222;Das empfindsame Begleiten des sich Wandelbaren&#8220; &#8211; ein Beitrag zur Frage &#8222;Was ist Gestaltp\u00e4dagogik?&#8220;<\/a>,<\/span><br \/>\n<span style=\"font-family: verdana, geneva, sans-serif; font-size: 12pt;\"> Prof. Dr. J\u00f6rg B\u00fcrmann, Gestaltp\u00e4dagogische Tagung Berlin, 2007<\/span><\/p>\n<p>&nbsp;<\/p>\n<p><span style=\"font-family: verdana, geneva, sans-serif; font-size: 12pt;\"><strong>Prof. Dr. Olaf-Axel Burow<\/strong><\/span><\/p>\n<div id=\"Layer7\">\n<div align=\"left\">\n<p><span style=\"font-family: verdana, geneva, sans-serif; font-size: 12pt;\"><a href=\"http:\/\/www.gestaltpaed.de\/arbeit\/theorie\/burrowhumanistischevision2008.pdf\" target=\"_blank\" rel=\"noopener\">&#8222;<\/a><a href=\"http:\/\/www.gestaltpaed.de\/arbeit\/theorie\/burrowhumanistischevision2008.pdf\">Von der Fragmentierung zum Kreativen Feld:<br \/>\nDie Humanistische Vision als Gegenentwurf zur Kultur des Neuen Kapitalismus&#8220;<\/a>,<\/span><br \/>\n<span style=\"font-family: verdana, geneva, sans-serif; font-size: 12pt;\"> Prof. Dr. Olaf-Axel Burow 2008<\/span><\/p>\n<p><span style=\"font-family: verdana, geneva, sans-serif; font-size: 12pt;\"><a href=\"http:\/\/www.gestaltpaed.de\/arbeit\/theorie\/burrowkohlhammer99.pdf\" target=\"_blank\" rel=\"noopener\">&#8222;Ganzheit, Gestalt, Gestalttherapie&#8220;<\/a>,<\/span><br \/>\n<span style=\"font-family: verdana, geneva, sans-serif; font-size: 12pt;\"> Prof. Dr. Olaf-Axel Burow 1999<\/span><\/p>\n<p><span style=\"font-family: verdana, geneva, sans-serif; font-size: 12pt;\"><a href=\"http:\/\/www.gestaltpaed.de\/arbeit\/theorie\/burrowlex97.pdf\" target=\"_blank\" rel=\"noopener\">&#8222;Gestaltp\u00e4dagogik und Erwachsenenbildung&#8220;<\/a>,<\/span><br \/>\n<span style=\"font-family: verdana, geneva, sans-serif; font-size: 12pt;\"> Prof. Dr. Olaf-Axel Burow 1997<\/span><\/p>\n<p>&nbsp;<\/p>\n<\/div>\n<\/div>\n<p><span style=\"font-family: verdana, geneva, sans-serif; font-size: 12pt;\"><strong>Dr. G\u00fcnther Holzapfel<\/strong><\/span><\/p>\n<p><span style=\"font-family: verdana, geneva, sans-serif; font-size: 12pt;\"><a href=\"http:\/\/www.gestaltpaed.de\/arbeit\/theorie\/holzapfelkomplexlern.pdf\">Komplexes Lernen aus der Sicht der Erwachsenenbildung&#8220;<\/a>,<\/span><br \/>\n<span style=\"font-family: verdana, geneva, sans-serif; font-size: 12pt;\"> Vortrag von Prof. Dr. G\u00fcnther Holzapfel auf der Tagung \u201eKomplexes Lernen und Metalernen in der Supervision. Die Botschaft der Neurowissenschaften.\u201c 13.10. \u2013 14.10.07, veranstaltet von der EAG in Kooperation mit der DGSv<\/span><\/p>\n<p><span style=\"font-family: verdana, geneva, sans-serif; font-size: 12pt;\"><a href=\"http:\/\/www.gestaltpaed.de\/arbeit\/theorie\/holzapfelaufsatzreportneuro.pdf\">&#8222;Mehr Selbstbewusstsein f\u00fcr P\u00e4dagogik!&#8220;<\/a>,<\/span><br \/>\n<span style=\"font-family: verdana, geneva, sans-serif; font-size: 12pt;\"> Prof. Dr. G\u00fcnther Holzapfel, erschienen in Literatur- und Forschungsreport Weiterbildung Heft 2\/ 2004, S. 87 &#8211; 98<\/span><\/p>\n<p><span style=\"font-family: verdana, geneva, sans-serif; font-size: 12pt;\"><a href=\"http:\/\/www.gestaltpaed.de\/arbeit\/theorie\/holzapfelkonzeptweiterbildung.pdf\">&#8222;Gestaltp\u00e4dagogische Konzepte in der Weiterbildung von Erwachsenenp\u00e4dagoginnen und -p\u00e4dagogen&#8220;<\/a>,<\/span><br \/>\n<span style=\"font-family: verdana, geneva, sans-serif; font-size: 12pt;\"> Prof. Dr. G\u00fcnther Holzapfel<\/span><\/p>\n<div id=\"Layer1\"><\/div>\n<p><span style=\"font-family: verdana, geneva, sans-serif; font-size: 12pt;\"><strong>Dr. MHE Telse A. Iwers-Stelljes\u00a0<\/strong><a href=\"http:\/\/www.gestaltpaed.de\/arbeit\/theorie\/iwersstelljes20130921.ppt\">(ppt zum Vortrag auf der Tagung 2013)<\/a><\/span><\/p>\n<p>&nbsp;<\/p>\n<p><span style=\"font-family: verdana, geneva, sans-serif; font-size: 12pt;\"><strong>Pierre-Carl Link und M.-T. Kraus<\/strong><\/span><\/p>\n<p><span style=\"font-family: verdana, geneva, sans-serif; font-size: 12pt;\"><a href=\"http:\/\/www.gestaltpaed.de\/arbeit\/theorie\/linkkrausdemhierundjetztaufderspur.pdf\" target=\"_blank\" rel=\"noopener\">Dem Hier-und-Jetzt auf der Spur \u2013 die Bedeutung der Vergangenheit und Modi des Vergessens und Erinnerns in p\u00e4dagogischer Gestaltarbeit<\/a><\/span><\/p>\n<p><span style=\"font-family: verdana, geneva, sans-serif; font-size: 12pt;\">Link, P.-C. &amp; Kraus, M.-T. (2015)<\/span><\/p>\n<p>&nbsp;<\/p>\n<p><span style=\"font-family: verdana, geneva, sans-serif; font-size: 12pt;\"><strong>Dr. habil. Wiktor Zlobicki<\/strong><\/span><\/p>\n<div id=\"Layer7\">\n<div align=\"left\">\n<p><span style=\"font-family: verdana, geneva, sans-serif; font-size: 12pt;\"><a href=\"http:\/\/www.gestaltpaed.de\/arbeit\/theorie\/zlobicki2013.pdf\" target=\"_blank\" rel=\"noopener\">\u201eAuf der Suche nach den philosophischen Quellen der Gestaltp\u00e4dagogik\u201c<\/a><\/span><br \/>\n<span style=\"font-family: verdana, geneva, sans-serif; font-size: 12pt;\"> Dr. habil. Wiktor Zlobicki, Breslauer Universit\u00e4t, im Leitungsteam des Erasmusprojektes t\u00e4tig.<\/span><\/p>\n<p><span style=\"font-size: 12pt; font-family: verdana, geneva, sans-serif;\">Da der Beitrag zu umfassend f\u00fcr den Abdruck in der Zeitschrift f\u00fcr Gestaltp\u00e4dagogik ist, verweisen wir darauf, dass er auf der Homepage der GPV abrufbar ist.<\/span><\/p>\n<\/div>\n<\/div>\n<\/div>\n<\/div>\n<p>&nbsp;<\/p>\n<p><span style=\"font-family: verdana, geneva, sans-serif; font-size: 12pt;\"><b>Auf dieser Seite stellen wir Ihnen nach und nach Projekte einzelner Schulen vor, in denen gestaltp\u00e4dagogisch gearbeitet wird.<\/b><\/span><\/p>\n<p><span style=\"font-family: verdana, geneva, sans-serif; font-size: 12pt;\"><a href=\"http:\/\/www.gestaltpaed.de\/arbeit\/praxis\/carl_meyer_schule\/zweiteheimat.pdf\" target=\"_blank\" rel=\"noopener\">&#8222;Zweite Heimat&#8220; &#8211; F\u00f6rdergruppe f\u00fcr lern- und erziehungsschwierige Kinder<\/a> an der<br \/>\n<a href=\"http:\/\/www.carl-meyer-schule.de\/\" target=\"_blank\" rel=\"noopener\">Carl-Meyer-Schule in Essen<\/a>, Konzeptentwicklung von Silvia Froese<\/span><\/p>\n","protected":false},"excerpt":{"rendered":"<p>Prof. Dr. Rolf Bick &#8222;Die Zukunft der Gestaltp\u00e4dagogik &#8211; Erinnerungen und Perspektiven&#8220; Prof. Dr. Rolf Bick, Gestaltp\u00e4dagogische Tagung Berlin, 2005 &#8222;Rede gegen die Verhausschweinung der P\u00e4dagogen und f\u00fcr ein gutes Selbst- und Sendungsbewusstsein&#8220;, Prof. Dr. Rolf Bick, Gestaltp\u00e4dagogische Tagung Berlin, 2007 &nbsp; Prof. Dr. phil. Ilse B\u00fcrmann Gestaltp\u00e4dagogik im Kontext aktueller Professionalit\u00e4tsdiskurse, Vortrag von Prof. [&hellip;]<\/p>\n","protected":false},"author":1,"featured_media":0,"parent":0,"menu_order":0,"comment_status":"closed","ping_status":"closed","template":"","meta":{"footnotes":""},"_links":{"self":[{"href":"https:\/\/gpv-ev.de\/index.php?rest_route=\/wp\/v2\/pages\/43"}],"collection":[{"href":"https:\/\/gpv-ev.de\/index.php?rest_route=\/wp\/v2\/pages"}],"about":[{"href":"https:\/\/gpv-ev.de\/index.php?rest_route=\/wp\/v2\/types\/page"}],"author":[{"embeddable":true,"href":"https:\/\/gpv-ev.de\/index.php?rest_route=\/wp\/v2\/users\/1"}],"replies":[{"embeddable":true,"href":"https:\/\/gpv-ev.de\/index.php?rest_route=%2Fwp%2Fv2%2Fcomments&post=43"}],"version-history":[{"count":3,"href":"https:\/\/gpv-ev.de\/index.php?rest_route=\/wp\/v2\/pages\/43\/revisions"}],"predecessor-version":[{"id":265,"href":"https:\/\/gpv-ev.de\/index.php?rest_route=\/wp\/v2\/pages\/43\/revisions\/265"}],"wp:attachment":[{"href":"https:\/\/gpv-ev.de\/index.php?rest_route=%2Fwp%2Fv2%2Fmedia&parent=43"}],"curies":[{"name":"wp","href":"https:\/\/api.w.org\/{rel}","templated":true}]}}