{"id":347,"date":"2018-06-15T23:19:59","date_gmt":"2018-06-15T23:19:59","guid":{"rendered":"http:\/\/relaunch.gpv-ev.de\/?page_id=347"},"modified":"2018-06-15T23:19:59","modified_gmt":"2018-06-15T23:19:59","slug":"tagung-2001-speyer","status":"publish","type":"page","link":"https:\/\/gpv-ev.de\/?page_id=347","title":{"rendered":"Tagung 2001 &#8211; Speyer"},"content":{"rendered":"<p style=\"font-weight: 400;\"><span style=\"font-family: verdana, geneva, sans-serif; font-size: 12pt;\">Liebe Freunde, Neugierige und Interessierte,<\/span><\/p>\n<p><span style=\"font-family: verdana, geneva, sans-serif; font-size: 12pt;\">in der p\u00e4dagogischen Praxis ist es immer wieder wichtig, unsere Balance zu finden und uns nicht zwischen Polarit\u00e4ten zerrei\u00dfen zu lassen oder auf einer Seite zu erstarren.<\/span><\/p>\n<p><span style=\"font-family: verdana, geneva, sans-serif; font-size: 12pt;\">Nur wenn wir in Bewegung bleiben, k\u00f6nnen wir die Balance halten.<\/span><\/p>\n<p><span style=\"font-family: verdana, geneva, sans-serif; font-size: 12pt;\">In der aktuellen p\u00e4dagogischen Diskussion k\u00f6nnen &#8222;Schlag&#8220;w\u00f6rter wie Qualit\u00e4tssicherung, Vergleichbarkeit oder Effektivit\u00e4t unseren Blick und unser Handlungsfeld einengen.<\/span><\/p>\n<p><span style=\"font-family: verdana, geneva, sans-serif; font-size: 12pt;\">Wir k\u00f6nnen uns auf der Grundlage der Werte der Humanistischen P\u00e4dagogik diesen Herausforderungen stellen. Nicht in der Polarisierung, sondern in der Integration sehen wir Perspektiven f\u00fcr ein p\u00e4dagogisches Handeln in Bewegung und Balance.<\/span><\/p>\n<p style=\"font-weight: 400;\"><img decoding=\"async\" src=\"http:\/\/www.gestaltpaed.de\/tagung\/2001\/image004.gif\" alt=\"Ruhe und Bewegung\" \/><br \/>\n<strong><img decoding=\"async\" src=\"http:\/\/www.gestaltpaed.de\/tagung\/2001\/image005.gif\" alt=\"Lehrzeiten und Lernzeiten\" \/><br \/>\n<img decoding=\"async\" src=\"http:\/\/www.gestaltpaed.de\/tagung\/2001\/image006.gif\" alt=\"Evaluation und Wertsch\u00c3\u00a4tzung\" \/><br \/>\n<img decoding=\"async\" src=\"http:\/\/www.gestaltpaed.de\/tagung\/2001\/image003.gif\" alt=\"Schulentwicklung und pers\u00c3\u00b6nliche Entwicklung\" \/><br \/>\n<img decoding=\"async\" src=\"http:\/\/www.gestaltpaed.de\/tagung\/2001\/image007.gif\" alt=\"Qualit\u00c3\u00a4t und Spontaneit\u00c3\u00a4t\" \/><\/strong><\/p>\n<p style=\"font-weight: 400;\"><span style=\"font-family: verdana, geneva, sans-serif; font-size: 12pt;\">Zum Austausch und einer gemeinsamen Perspektivenentwicklung<\/span><\/p>\n<p style=\"font-weight: 400;\"><span style=\"font-family: verdana, geneva, sans-serif; font-size: 12pt;\">laden wir euch\/Sie herzlich ein.<\/span><\/p>\n<p style=\"font-weight: 400;\"><span style=\"font-family: verdana, geneva, sans-serif; font-size: 12pt;\"><strong>Referenten und Themen<\/strong><\/span><\/p>\n<table style=\"width: 87%; vertical-align: top;\">\n<tbody>\n<tr style=\"height: 22px;\">\n<td style=\"width: 331.2px; height: 22px; vertical-align: top;\"><span style=\"font-family: verdana, geneva, sans-serif; font-size: 12pt;\"><strong>Vortr\u00e4ge<\/strong><\/span><\/td>\n<td style=\"width: 520px; height: 22px; vertical-align: top;\"><\/td>\n<\/tr>\n<tr style=\"height: 59px;\">\n<td style=\"width: 331.2px; vertical-align: top;\"><span style=\"font-family: verdana, geneva, sans-serif; font-size: 12pt;\">Prof. Dr. Ilse B\u00fcrmann<\/span><\/td>\n<td style=\"width: 520px; height: 59px; vertical-align: top;\"><span style=\"font-family: verdana, geneva, sans-serif; font-size: 12pt;\">Gestaltp\u00e4dagogik als Beitrag zu einer bildungsorientierten Didaktik in Zeiten der Individualisierung<\/span><\/td>\n<\/tr>\n<tr style=\"height: 58px;\">\n<td style=\"width: 331.2px; height: 58px; vertical-align: top;\"><span style=\"font-family: verdana, geneva, sans-serif; font-size: 12pt;\">Prof. Dr. Heinrich Dauber<\/span><\/td>\n<td style=\"width: 520px; height: 58px; vertical-align: top;\"><span style=\"font-family: verdana, geneva, sans-serif; font-size: 12pt;\">Qualit\u00e4tssicherung und Gestalt &#8211; Worum geht es eigentlich?<\/span><\/td>\n<\/tr>\n<tr style=\"height: 81px;\">\n<td style=\"width: 331.2px; height: 81px; vertical-align: top;\"><span style=\"font-family: verdana, geneva, sans-serif; font-size: 12pt;\">Prof. Dr.\u00a0Rolf Bick\u00a0<\/span><\/td>\n<td style=\"width: 520px; height: 81px; vertical-align: top;\"><span style=\"font-family: verdana, geneva, sans-serif; font-size: 12pt;\">Balance kann ich nur halten, wenn ich in Bewegung bleibe &#8211; einige kritische und weiterf\u00fchrende Gedanken aus gestaltp\u00e4dagogischer Sicht<\/span><\/td>\n<\/tr>\n<tr style=\"height: 22px;\">\n<td style=\"width: 331.2px; height: 22px; vertical-align: top;\"><span style=\"font-family: verdana, geneva, sans-serif; font-size: 12pt;\">Prof. Dr. Claudio Hoffmann<\/span><\/td>\n<td style=\"width: 520px; height: 22px; vertical-align: top;\"><span style=\"font-family: verdana, geneva, sans-serif; font-size: 12pt;\">Entdeckungen des Achtsamseins<\/span><\/td>\n<\/tr>\n<tr style=\"height: 22px;\">\n<td style=\"width: 331.2px; height: 22px; vertical-align: top;\"><span style=\"font-family: verdana, geneva, sans-serif; font-size: 12pt;\">Botho Priebe<\/span><\/td>\n<td style=\"width: 520px; height: 22px; vertical-align: top;\"><span style=\"font-family: verdana, geneva, sans-serif; font-size: 12pt;\">Anforderungen an eine zukunftsf\u00e4hige Lehrerfortbildung<\/span><\/td>\n<\/tr>\n<tr style=\"height: 22px;\">\n<td style=\"width: 331.2px; height: 22px; vertical-align: top;\"><span style=\"font-family: verdana, geneva, sans-serif; font-size: 12pt;\"><strong>Workshops<\/strong><\/span><\/td>\n<td style=\"width: 520px; height: 22px; vertical-align: top;\"><\/td>\n<\/tr>\n<tr style=\"height: 22px;\">\n<td style=\"width: 331.2px; height: 22px; vertical-align: top;\"><span style=\"font-family: verdana, geneva, sans-serif; font-size: 12pt;\">Dana Wittlin<\/span><\/td>\n<td style=\"width: 520px; height: 22px; vertical-align: top;\"><span style=\"font-family: verdana, geneva, sans-serif; font-size: 12pt;\">Mit jedem Schritt finde ich meine Balance<\/span><\/td>\n<\/tr>\n<tr style=\"height: 44px;\">\n<td style=\"width: 331.2px; height: 44px; vertical-align: top;\"><span style=\"font-family: verdana, geneva, sans-serif; font-size: 12pt;\">Silvia Froese<\/span><\/td>\n<td style=\"width: 520px; height: 44px; vertical-align: top;\"><span style=\"font-family: verdana, geneva, sans-serif; font-size: 12pt;\">Gestalt im Raum &#8211; Die Kinder, mein Raum und ich: vom Popcorn \u00fcber die S\u00e4ge zur H\u00e4ngematte<\/span><\/td>\n<\/tr>\n<tr style=\"height: 44px;\">\n<td style=\"width: 331.2px; height: 44px; vertical-align: top;\"><span style=\"font-family: verdana, geneva, sans-serif; font-size: 12pt;\">Dr. Christine Frisch<\/span><\/td>\n<td style=\"width: 520px; height: 44px; vertical-align: top;\"><span style=\"font-family: verdana, geneva, sans-serif; font-size: 12pt;\">Tanzen &#8211; Freude am Experimentieren und Improvisieren Lernen durch Erfahrung<\/span><\/td>\n<\/tr>\n<tr style=\"height: 22px;\">\n<td style=\"width: 331.2px; height: 22px; vertical-align: top;\"><span style=\"font-family: verdana, geneva, sans-serif; font-size: 12pt;\">Rolf Bick<\/span><\/td>\n<td style=\"width: 520px; height: 22px; vertical-align: top;\"><span style=\"font-family: verdana, geneva, sans-serif; font-size: 12pt;\">Aus der Starre heraus zu Balancen finden<\/span><\/td>\n<\/tr>\n<tr style=\"height: 58px;\">\n<td style=\"width: 331.2px; height: 58px; vertical-align: top;\"><span style=\"font-family: verdana, geneva, sans-serif; font-size: 12pt;\">Volkmar Stein, Ulrike Morsch<\/span><\/td>\n<td style=\"width: 520px; height: 58px; vertical-align: top;\"><span style=\"font-family: verdana, geneva, sans-serif; font-size: 12pt;\">Tranquilla Trampeltreu und die Entdeckung der Zeit<\/span><\/td>\n<\/tr>\n<tr style=\"height: 22px;\">\n<td style=\"width: 331.2px; height: 22px; vertical-align: top;\"><span style=\"font-family: verdana, geneva, sans-serif; font-size: 12pt;\">Siglinde Burg<\/span><\/td>\n<td style=\"width: 520px; height: 22px; vertical-align: top;\"><span style=\"font-family: verdana, geneva, sans-serif; font-size: 12pt;\">Lehr- und Lernzeiten<\/span><\/td>\n<\/tr>\n<tr style=\"height: 81px;\">\n<td style=\"width: 331.2px; height: 81px; vertical-align: top;\"><span style=\"font-family: verdana, geneva, sans-serif; font-size: 12pt;\">Beate Weise<\/span><\/td>\n<td style=\"width: 520px; height: 81px; vertical-align: top;\"><span style=\"font-family: verdana, geneva, sans-serif; font-size: 12pt;\">Ein Leben aus der Balance? Kommunikation zwischen drogenabh\u00e4ngigen Eltern und ihren Kindern<\/span><\/td>\n<\/tr>\n<tr style=\"height: 81px;\">\n<td style=\"width: 331.2px; height: 81px; vertical-align: top;\"><span style=\"font-family: verdana, geneva, sans-serif; font-size: 12pt;\">Beate Weise<\/span><\/td>\n<td style=\"width: 520px; height: 81px; vertical-align: top;\"><span style=\"font-family: verdana, geneva, sans-serif; font-size: 12pt;\">Balance finden zwischen Individualit\u00e4t und Anpassung:<br \/>\nErziehungsaufgabe von Eltern und P\u00e4dagogen<\/span><\/td>\n<\/tr>\n<tr style=\"height: 22px;\">\n<td style=\"width: 331.2px; height: 22px; vertical-align: top;\"><span style=\"font-family: verdana, geneva, sans-serif; font-size: 12pt;\">Claudio Hofmann<\/span><\/td>\n<td style=\"width: 520px; height: 22px; vertical-align: top;\"><span style=\"font-family: verdana, geneva, sans-serif; font-size: 12pt;\">Workshop zum Vortrag<\/span><\/td>\n<\/tr>\n<tr style=\"height: 22px;\">\n<td style=\"width: 331.2px; height: 22px; vertical-align: top;\"><span style=\"font-family: verdana, geneva, sans-serif; font-size: 12pt;\">Hildegard Gramatzki<\/span><\/td>\n<td style=\"width: 520px; height: 22px; vertical-align: top;\"><span style=\"font-family: verdana, geneva, sans-serif; font-size: 12pt;\">Schulen, die sich auf den Weg machen&#8230;<\/span><\/td>\n<\/tr>\n<tr style=\"height: 22px;\">\n<td style=\"width: 331.2px; height: 22px; vertical-align: top;\"><span style=\"font-family: verdana, geneva, sans-serif; font-size: 12pt;\">Christa Leuk-Saile<\/span><\/td>\n<td style=\"width: 520px; height: 22px; vertical-align: top;\"><span style=\"font-family: verdana, geneva, sans-serif; font-size: 12pt;\">Berufsanf\u00e4ngerinnen<\/span><\/td>\n<\/tr>\n<tr style=\"height: 22px;\">\n<td style=\"width: 331.2px; height: 22px; vertical-align: top;\"><span style=\"font-family: verdana, geneva, sans-serif; font-size: 12pt;\">Ute Kienzl<\/span><\/td>\n<td style=\"width: 520px; height: 22px; vertical-align: top;\"><span style=\"font-family: verdana, geneva, sans-serif; font-size: 12pt;\">Comeniusprojekt<\/span><\/td>\n<\/tr>\n<tr style=\"height: 22px;\">\n<td style=\"width: 331.2px; height: 22px; vertical-align: top;\"><span style=\"font-family: verdana, geneva, sans-serif; font-size: 12pt;\">Heinrich Dauber<\/span><\/td>\n<td style=\"width: 520px; height: 22px; vertical-align: top;\"><span style=\"font-family: verdana, geneva, sans-serif; font-size: 12pt;\">Workshop zum Vortrag<\/span><\/td>\n<\/tr>\n<tr style=\"height: 104px;\">\n<td style=\"width: 331.2px; height: 104px; vertical-align: top;\"><span style=\"font-family: verdana, geneva, sans-serif; font-size: 12pt;\">Prof. Dr.\u00a0J\u00f6rg B\u00fcrmann, Heide-Anne K\u00f6llermann u. a.<\/span><\/td>\n<td style=\"width: 520px; vertical-align: top;\"><span style=\"font-family: verdana, geneva, sans-serif; font-size: 12pt;\">Gespr\u00e4chskreis zur Lehrerausbildung<br \/>\n(Referendare, Mentoren, Fachleiter)<\/span><\/td>\n<\/tr>\n<tr style=\"height: 81px;\">\n<td style=\"width: 331.2px; height: 81px; vertical-align: top;\"><span style=\"font-family: verdana, geneva, sans-serif; font-size: 12pt;\">Heinrich Dauber u. a.<\/span><\/td>\n<td style=\"width: 520px; height: 81px; vertical-align: top;\"><span style=\"font-family: verdana, geneva, sans-serif; font-size: 12pt;\">Fishbowl zum Thema: Schulentwicklung &#8211; Perspektiven und Abwege aus der Sicht der Gestaltp\u00e4dagogik<\/span><\/td>\n<\/tr>\n<tr style=\"height: 126px;\">\n<td style=\"width: 331.2px; height: 126px; vertical-align: top;\"><span style=\"font-family: verdana, geneva, sans-serif; font-size: 12pt;\">Rahmenprogramm<\/span><\/td>\n<td style=\"width: 520px; vertical-align: top; height: 126px;\"><span style=\"font-family: verdana, geneva, sans-serif; font-size: 12pt;\">Durch sanfte Bewegung in den Morgen gehen<br \/>\n(Bewegungsmeditation vor dem Fr\u00fchst\u00fcck) Balancieren, Jonglieren, Tanzen &#8222;Esse, Trinke, Schw\u00e4tze&#8220;<\/span><\/td>\n<\/tr>\n<tr style=\"height: 59px;\">\n<td style=\"width: 856.8px; height: 59px; vertical-align: top;\" colspan=\"2\"><span style=\"font-family: verdana, geneva, sans-serif; font-size: 12pt;\">weitere Angebote und Ideen nehmen wir gerne noch mit auf<\/span><\/td>\n<\/tr>\n<\/tbody>\n<\/table>\n<p>&nbsp;<\/p>\n<table width=\"86%\">\n<tbody>\n<tr>\n<td style=\"width: 26.883%; vertical-align: top;\" width=\"27%\"><span style=\"font-family: verdana, geneva, sans-serif; font-size: 12pt;\"><strong>Veranstalter<\/strong><\/span><\/td>\n<td style=\"width: 73.117%;\" width=\"73%\"><span style=\"font-family: verdana, geneva, sans-serif; font-size: 12pt;\">Gestaltp\u00e4dagogische Vereinigung (GPV) in Kooperation mit dem Institut f\u00fcr schulische Fortbildung und schulpsychologische Beratung (IFB)<\/span><\/td>\n<\/tr>\n<tr>\n<td style=\"width: 26.883%; vertical-align: top;\" width=\"27%\"><span style=\"font-family: verdana, geneva, sans-serif; font-size: 12pt;\"><strong>Ort<\/strong><\/span><\/td>\n<td style=\"width: 73.117%;\" width=\"73%\"><span style=\"font-family: verdana, geneva, sans-serif; font-size: 12pt;\">IFB Speyer<br \/>\nButensch\u00f6nstr. 2<\/span><\/td>\n<\/tr>\n<\/tbody>\n<\/table>\n<p><span style=\"font-family: verdana, geneva, sans-serif; font-size: 12pt;\">67346 SpeyerZeit7. September 2001 18.00 Uhr bis<br \/>\n9. September 2001 13.00 UhrUnterkunft<\/span><\/p>\n<p><span style=\"font-family: verdana, geneva, sans-serif; font-size: 12pt;\">Einzelzimmer im Haus (begrenzte Anzahl) f\u00fcr zwei N\u00e4chte<\/span><\/p>\n<p><span style=\"font-family: verdana, geneva, sans-serif; font-size: 12pt;\">inklusive Verpflegung und Festbuffet am Samstag: DM 120,-<\/span><\/p>\n<p><span style=\"font-family: verdana, geneva, sans-serif; font-size: 12pt;\">Tagungsgeb\u00fchrDM 140.-f\u00fcr Mitglieder<br \/>\nDM 170.-f\u00fcr Nichtmitglieder<\/span><\/p>\n<p>&nbsp;<\/p>\n<p><span style=\"font-family: verdana, geneva, sans-serif; font-size: 12pt;\">DM\u00a0\u00a0 90.-f\u00fcr Studenten\/Arbeitslose<\/span><\/p>\n<p><span style=\"font-family: verdana, geneva, sans-serif; font-size: 12pt;\">DM 100.-Pauschale f\u00fcr einen Tag<br \/>\ninklusive EssenAnmeldungsiehe Anmeldeformular<br \/>\noder E-Mail:\u00a0<a href=\"mailto:heinz.kaufmann@berlin.de\">heinz.kaufmann@berlin.de<\/a>KontaktSilvia B\u00e4r-Montag \u2013 GPV Tagung<br \/>\nTannenstr. 6<\/span><\/p>\n<p><span style=\"font-family: verdana, geneva, sans-serif; font-size: 12pt;\">64686 Lautertal<\/span><\/p>\n<p><span style=\"font-family: verdana, geneva, sans-serif; font-size: 12pt;\">Bank: Sparkasse Bensheim<\/span><\/p>\n<p><span style=\"font-family: verdana, geneva, sans-serif; font-size: 12pt;\">Kto.-Nr.: 402 98 23<\/span><\/p>\n<p><span style=\"font-family: verdana, geneva, sans-serif; font-size: 12pt;\">BLZ: 509 500 68<\/span><\/p>\n<p><span style=\"font-family: verdana, geneva, sans-serif; font-size: 12pt;\">Tel.\/Fax: 06254 2666Anmeldeschluss15. Juni 2001AnreiseWegbeschreibung und Tagungsprogramm werden mit der Anmeldebest\u00e4tigung zugeschicktVorbereitungsgruppeUscha Forster, Trudel Jost, Angelika Specht-De Paolis, Silvia B\u00e4r-Montag, Waltraud Fischer, Ulrike Kirchner, Dieter Montag, Renate Hosius-WilfahrtGestaltung diesesInfoblattes<\/span><\/p>\n<p><span style=\"font-family: verdana, geneva, sans-serif; font-size: 12pt;\">Projektgruppe &#8222;Pr\u00e4sentation&#8220; der Klasse Kaufm\u00e4nnische Assistenten<\/span><\/p>\n<p><span style=\"font-family: verdana, geneva, sans-serif; font-size: 12pt;\">Karl K\u00fcbel Schule Bensheim<\/span><\/p>\n<p><span style=\"font-family: verdana, geneva, sans-serif; font-size: 12pt;\">Berufliche Schulen des Kreises Bergstrasse<\/span><\/p>\n<p><span style=\"font-family: verdana, geneva, sans-serif; font-size: 12pt;\">Klaus Br\u00fcck, Robert Cornelius, Dieter Montag,<\/span><\/p>\n<p><span style=\"font-family: verdana, geneva, sans-serif; font-size: 12pt;\">Stefanie Reeg, Peter Sch\u00e4fer<\/span><\/p>\n<p>&nbsp;<\/p>\n<p style=\"font-weight: 400;\">\n","protected":false},"excerpt":{"rendered":"<p>Liebe Freunde, Neugierige und Interessierte, in der p\u00e4dagogischen Praxis ist es immer wieder wichtig, unsere Balance zu finden und uns nicht zwischen Polarit\u00e4ten zerrei\u00dfen zu lassen oder auf einer Seite zu erstarren. Nur wenn wir in Bewegung bleiben, k\u00f6nnen wir die Balance halten. In der aktuellen p\u00e4dagogischen Diskussion k\u00f6nnen &#8222;Schlag&#8220;w\u00f6rter wie Qualit\u00e4tssicherung, Vergleichbarkeit oder Effektivit\u00e4t [&hellip;]<\/p>\n","protected":false},"author":1,"featured_media":0,"parent":0,"menu_order":0,"comment_status":"closed","ping_status":"closed","template":"","meta":{"footnotes":""},"_links":{"self":[{"href":"https:\/\/gpv-ev.de\/index.php?rest_route=\/wp\/v2\/pages\/347"}],"collection":[{"href":"https:\/\/gpv-ev.de\/index.php?rest_route=\/wp\/v2\/pages"}],"about":[{"href":"https:\/\/gpv-ev.de\/index.php?rest_route=\/wp\/v2\/types\/page"}],"author":[{"embeddable":true,"href":"https:\/\/gpv-ev.de\/index.php?rest_route=\/wp\/v2\/users\/1"}],"replies":[{"embeddable":true,"href":"https:\/\/gpv-ev.de\/index.php?rest_route=%2Fwp%2Fv2%2Fcomments&post=347"}],"version-history":[{"count":3,"href":"https:\/\/gpv-ev.de\/index.php?rest_route=\/wp\/v2\/pages\/347\/revisions"}],"predecessor-version":[{"id":350,"href":"https:\/\/gpv-ev.de\/index.php?rest_route=\/wp\/v2\/pages\/347\/revisions\/350"}],"wp:attachment":[{"href":"https:\/\/gpv-ev.de\/index.php?rest_route=%2Fwp%2Fv2%2Fmedia&parent=347"}],"curies":[{"name":"wp","href":"https:\/\/api.w.org\/{rel}","templated":true}]}}