{"id":248,"date":"2017-12-04T22:21:05","date_gmt":"2017-12-04T22:21:05","guid":{"rendered":"http:\/\/relaunch.gpv-ev.de\/?page_id=248"},"modified":"2017-12-04T22:21:26","modified_gmt":"2017-12-04T22:21:26","slug":"regionalgruppe-ruhrgebiet-10-10-2003","status":"publish","type":"page","link":"https:\/\/gpv-ev.de\/?page_id=248","title":{"rendered":"Regionalgruppe Ruhrgebiet &#8211; 10.10.2003"},"content":{"rendered":"<table border=\"0\" width=\"98%\" align=\"center\">\n<tbody>\n<tr>\n<td>\n<div align=\"center\"><span style=\"font-size: 12pt; font-family: verdana, geneva, sans-serif;\"><strong>Thema: Mein Platz, dein Platz, euer\/ unser Platz<\/strong><\/span><\/div>\n<\/td>\n<\/tr>\n<tr>\n<td>\n<p align=\"center\"><span style=\"font-size: 12pt; font-family: verdana, geneva, sans-serif;\"><br \/>\nWir laden Euch\/ Sie ganz herzlich zum 19. gestaltp\u00e4dagogischen Treffen im Ruhrgegiet ein. <\/span><\/p>\n<p><span style=\"font-size: 12pt; font-family: verdana, geneva, sans-serif;\">Im M\u00e4rz wollten wir das Thema &#8222;Mein Platz&#8230;&#8220; abschlie\u00dfen. Stattdessen nahm der Krieg im Irak Platz in unserer Mitte und wollte sich nicht so schnell vertreiben lassen. So nehmen wir einen neuen Anlauf mit unterrichtspraktischen und lebenspraktischen Beispielen:<br \/>\nDas ist mein Stuhl. &#8211; Ur-markierungen? Wie verst\u00e4rke oder vermeide ich solche Konflikte?<br \/>\nWelche Sitzordnung bevorzugt wer und wie verh\u00e4rtet man sich am besten?<br \/>\nJetzt leite ich &#8211; ich werde geleitet. Platzhirsch, -kuh und die Horde begegnen sich &#8211; wie &#8211; sitzend?<br \/>\nIch sollte meinen Platz J\u00fcngeren \u00fcberlassen. Wie geht der Stuhlwechsel der Generationen?<br \/>\nZipp-Zapp und andere Stuhlspiele.<\/span><\/p>\n<p><span style=\"font-size: 12pt; font-family: verdana, geneva, sans-serif;\">Unsere Treffen sind besucht von &#8222;regelm\u00e4\u00dfigen&#8220; Teilnehmern, aber auch Neuen und Seltenen. Jeder ist herzlich willkommen, auch &#8222;Ehemalige&#8220; k\u00f6nnen gerne wiederkommen, wir vermissen euch.<\/span><br \/>\n<span style=\"font-size: 12pt; font-family: verdana, geneva, sans-serif;\"> Zu unserem Kreis geh\u00f6ren etwa 25, davon kommen ca. die H\u00e4lfte bis ein Drittel zu unseren Treffen.<\/span><br \/>\n<span style=\"font-size: 12pt; font-family: verdana, geneva, sans-serif;\"> F\u00fcr uns ist es wichtig, von anderen zu lernen, uns den R\u00fccken zu st\u00e4rken und freundschaftliche Begegnungen zu erfahren.<\/span><\/td>\n<\/tr>\n<\/tbody>\n<\/table>\n<p>&nbsp;<\/p>\n","protected":false},"excerpt":{"rendered":"<p>Thema: Mein Platz, dein Platz, euer\/ unser Platz Wir laden Euch\/ Sie ganz herzlich zum 19. gestaltp\u00e4dagogischen Treffen im Ruhrgegiet ein. Im M\u00e4rz wollten wir das Thema &#8222;Mein Platz&#8230;&#8220; abschlie\u00dfen. Stattdessen nahm der Krieg im Irak Platz in unserer Mitte und wollte sich nicht so schnell vertreiben lassen. So nehmen wir einen neuen Anlauf mit [&hellip;]<\/p>\n","protected":false},"author":1,"featured_media":0,"parent":0,"menu_order":0,"comment_status":"closed","ping_status":"closed","template":"","meta":{"footnotes":""},"_links":{"self":[{"href":"https:\/\/gpv-ev.de\/index.php?rest_route=\/wp\/v2\/pages\/248"}],"collection":[{"href":"https:\/\/gpv-ev.de\/index.php?rest_route=\/wp\/v2\/pages"}],"about":[{"href":"https:\/\/gpv-ev.de\/index.php?rest_route=\/wp\/v2\/types\/page"}],"author":[{"embeddable":true,"href":"https:\/\/gpv-ev.de\/index.php?rest_route=\/wp\/v2\/users\/1"}],"replies":[{"embeddable":true,"href":"https:\/\/gpv-ev.de\/index.php?rest_route=%2Fwp%2Fv2%2Fcomments&post=248"}],"version-history":[{"count":2,"href":"https:\/\/gpv-ev.de\/index.php?rest_route=\/wp\/v2\/pages\/248\/revisions"}],"predecessor-version":[{"id":250,"href":"https:\/\/gpv-ev.de\/index.php?rest_route=\/wp\/v2\/pages\/248\/revisions\/250"}],"wp:attachment":[{"href":"https:\/\/gpv-ev.de\/index.php?rest_route=%2Fwp%2Fv2%2Fmedia&parent=248"}],"curies":[{"name":"wp","href":"https:\/\/api.w.org\/{rel}","templated":true}]}}