{"id":226,"date":"2017-11-30T02:07:20","date_gmt":"2017-11-30T02:07:20","guid":{"rendered":"http:\/\/relaunch.gpv-ev.de\/?page_id=226"},"modified":"2017-11-30T02:08:43","modified_gmt":"2017-11-30T02:08:43","slug":"regionalgruppe-ruhrgebiet-27-11-2005","status":"publish","type":"page","link":"https:\/\/gpv-ev.de\/?page_id=226","title":{"rendered":"Regionalgruppe Ruhrgebiet &#8211; 27.11.2005"},"content":{"rendered":"<table border=\"0\" width=\"98%\" align=\"center\">\n<tbody>\n<tr>\n<td>\n<div align=\"center\"><span style=\"font-family: verdana, geneva, sans-serif; font-size: 12pt;\"><b>Thema: &#8230;im Fluss bleiben .<\/b><\/span><\/div>\n<\/td>\n<\/tr>\n<tr>\n<td>\n<p align=\"left\"><span style=\"font-family: verdana, geneva, sans-serif; font-size: 12pt;\">War das ein Treffen! In Essen tobte der Wintereinbruch, der Busverkehr wurde eingestellt, in Duisburg behinderte eine Gro\u00dfdemo das Fortkommen und in D\u00fcsseldorf mussten &#8211; wegen einer Bombenentsch\u00e4rfung &#8211; gro\u00dfe Umwege in Kauf genommen werden.<\/span><\/p>\n<p align=\"left\"><span style=\"font-family: verdana, geneva, sans-serif; font-size: 12pt;\">Einige Wenige haben es dennoch geschafft, das KuFo zu erreichen. So tagten wir mit sechs hartgesottenen Teilnehmern bei verz\u00f6gertem Beginn ganz im Sinne des Themas.<\/span><\/p>\n<p align=\"left\"><span style=\"font-family: Tahoma; font-size: 12pt;\"><span style=\"font-family: verdana, geneva, sans-serif;\">Allen, die verhindert oder durch h\u00f6here Einwirkung am Kommen gehindert waren, w\u00fcnschen wir:<\/span> <\/span><\/p>\n<p align=\"center\"><span style=\"font-family: Lucida Handwriting;\"><b><span style=\"color: #ff0000;\">Frohe Weihnachten und einen guten Start ins neue Jahr!<\/span><\/b><\/span><\/p>\n<p><span style=\"font-family: Tahoma; font-size: 12pt;\"><span style=\"font-family: verdana, geneva, sans-serif;\">Bis zum n\u00e4chsten Mal gr\u00fc\u00dft<\/span><br \/>\n<span style=\"font-family: verdana, geneva, sans-serif;\"> Ulla<\/span> <\/span><\/td>\n<\/tr>\n<\/tbody>\n<\/table>\n<p>&nbsp;<\/p>\n","protected":false},"excerpt":{"rendered":"<p>Thema: &#8230;im Fluss bleiben . War das ein Treffen! In Essen tobte der Wintereinbruch, der Busverkehr wurde eingestellt, in Duisburg behinderte eine Gro\u00dfdemo das Fortkommen und in D\u00fcsseldorf mussten &#8211; wegen einer Bombenentsch\u00e4rfung &#8211; gro\u00dfe Umwege in Kauf genommen werden. Einige Wenige haben es dennoch geschafft, das KuFo zu erreichen. So tagten wir mit sechs [&hellip;]<\/p>\n","protected":false},"author":1,"featured_media":0,"parent":0,"menu_order":0,"comment_status":"closed","ping_status":"closed","template":"","meta":{"footnotes":""},"_links":{"self":[{"href":"https:\/\/gpv-ev.de\/index.php?rest_route=\/wp\/v2\/pages\/226"}],"collection":[{"href":"https:\/\/gpv-ev.de\/index.php?rest_route=\/wp\/v2\/pages"}],"about":[{"href":"https:\/\/gpv-ev.de\/index.php?rest_route=\/wp\/v2\/types\/page"}],"author":[{"embeddable":true,"href":"https:\/\/gpv-ev.de\/index.php?rest_route=\/wp\/v2\/users\/1"}],"replies":[{"embeddable":true,"href":"https:\/\/gpv-ev.de\/index.php?rest_route=%2Fwp%2Fv2%2Fcomments&post=226"}],"version-history":[{"count":1,"href":"https:\/\/gpv-ev.de\/index.php?rest_route=\/wp\/v2\/pages\/226\/revisions"}],"predecessor-version":[{"id":227,"href":"https:\/\/gpv-ev.de\/index.php?rest_route=\/wp\/v2\/pages\/226\/revisions\/227"}],"wp:attachment":[{"href":"https:\/\/gpv-ev.de\/index.php?rest_route=%2Fwp%2Fv2%2Fmedia&parent=226"}],"curies":[{"name":"wp","href":"https:\/\/api.w.org\/{rel}","templated":true}]}}