{"id":217,"date":"2017-11-30T01:33:56","date_gmt":"2017-11-30T01:33:56","guid":{"rendered":"http:\/\/relaunch.gpv-ev.de\/?page_id=217"},"modified":"2017-11-30T01:58:02","modified_gmt":"2017-11-30T01:58:02","slug":"regionalgruppe-ruhrgebiet-28-11-2004","status":"publish","type":"page","link":"https:\/\/gpv-ev.de\/?page_id=217","title":{"rendered":"Regionalgruppe Ruhrgebiet &#8211; 28.11.2004"},"content":{"rendered":"<table border=\"0\" width=\"100%\" align=\"center\">\n<tbody>\n<tr style=\"height: 58px;\">\n<td style=\"width: 917.8px; height: 58px;\" colspan=\"4\">\n<div align=\"center\"><span style=\"font-family: verdana, geneva, sans-serif; font-size: 12pt;\"><b>Thema: 10 Jahre Reviertreffen<br \/>\n&#8222;R\u00fcckblicke &#8211; Augenblicke &#8211; Ausblicke&#8220;<\/b><\/span><\/div>\n<\/td>\n<\/tr>\n<tr style=\"height: 88.4px;\">\n<td style=\"width: 917.8px; height: 88.4px;\" colspan=\"4\">\n<div align=\"center\"><span style=\"font-family: verdana, geneva, sans-serif; font-size: 12pt;\">Nach der Begr\u00fc\u00dfungsrunde haben wir einen pers\u00f6nlichen R\u00fcckblick auf die letzten zehn Jahre gewagt.<br \/>\n&#8230; es ist viel passiert &#8230;<\/span><br \/>\n<span style=\"font-family: verdana, geneva, sans-serif; font-size: 12pt;\"> &#8230;und trotz oder wegen aller Dinge, haben wir es uns gut gehen lassen!<\/span><\/div>\n<\/td>\n<\/tr>\n<\/tbody>\n<\/table>\n<p><img loading=\"lazy\" decoding=\"async\" class=\"alignnone\" src=\"http:\/\/www.gestaltpaed.de\/ruhrgebiet\/geburtstag02.JPG\" width=\"389\" height=\"338\" \/> <img loading=\"lazy\" decoding=\"async\" class=\"alignnone\" src=\"http:\/\/www.gestaltpaed.de\/ruhrgebiet\/geburtstag01.JPG\" width=\"450\" height=\"272\" \/><\/p>\n<p><img loading=\"lazy\" decoding=\"async\" class=\"alignnone\" src=\"http:\/\/www.gestaltpaed.de\/ruhrgebiet\/geburtstag03.JPG\" width=\"180\" height=\"232\" \/> <img loading=\"lazy\" decoding=\"async\" src=\"http:\/\/www.gestaltpaed.de\/ruhrgebiet\/geburtstag05.JPG\" width=\"400\" height=\"300\" \/> <img loading=\"lazy\" decoding=\"async\" src=\"http:\/\/www.gestaltpaed.de\/ruhrgebiet\/geburtstag04.JPG\" width=\"200\" height=\"185\" align=\"top\" \/><br \/>\n&nbsp;<\/p>\n<p>&nbsp;<\/p>\n<p>&nbsp;<\/p>\n<p>&nbsp;<\/p>\n<p>&nbsp;<\/p>\n<p>&nbsp;<\/p>\n<p>&nbsp;<\/p>\n","protected":false},"excerpt":{"rendered":"<p>Thema: 10 Jahre Reviertreffen &#8222;R\u00fcckblicke &#8211; Augenblicke &#8211; Ausblicke&#8220; Nach der Begr\u00fc\u00dfungsrunde haben wir einen pers\u00f6nlichen R\u00fcckblick auf die letzten zehn Jahre gewagt. &#8230; es ist viel passiert &#8230; &#8230;und trotz oder wegen aller Dinge, haben wir es uns gut gehen lassen! &nbsp; &nbsp; &nbsp; &nbsp; &nbsp; &nbsp; &nbsp;<\/p>\n","protected":false},"author":1,"featured_media":0,"parent":0,"menu_order":0,"comment_status":"closed","ping_status":"closed","template":"","meta":{"footnotes":""},"_links":{"self":[{"href":"https:\/\/gpv-ev.de\/index.php?rest_route=\/wp\/v2\/pages\/217"}],"collection":[{"href":"https:\/\/gpv-ev.de\/index.php?rest_route=\/wp\/v2\/pages"}],"about":[{"href":"https:\/\/gpv-ev.de\/index.php?rest_route=\/wp\/v2\/types\/page"}],"author":[{"embeddable":true,"href":"https:\/\/gpv-ev.de\/index.php?rest_route=\/wp\/v2\/users\/1"}],"replies":[{"embeddable":true,"href":"https:\/\/gpv-ev.de\/index.php?rest_route=%2Fwp%2Fv2%2Fcomments&post=217"}],"version-history":[{"count":7,"href":"https:\/\/gpv-ev.de\/index.php?rest_route=\/wp\/v2\/pages\/217\/revisions"}],"predecessor-version":[{"id":225,"href":"https:\/\/gpv-ev.de\/index.php?rest_route=\/wp\/v2\/pages\/217\/revisions\/225"}],"wp:attachment":[{"href":"https:\/\/gpv-ev.de\/index.php?rest_route=%2Fwp%2Fv2%2Fmedia&parent=217"}],"curies":[{"name":"wp","href":"https:\/\/api.w.org\/{rel}","templated":true}]}}