{"id":192,"date":"2017-11-19T13:00:07","date_gmt":"2017-11-19T13:00:07","guid":{"rendered":"http:\/\/relaunch.gpv-ev.de\/?page_id=192"},"modified":"2017-11-19T13:00:07","modified_gmt":"2017-11-19T13:00:07","slug":"regionalgruppentreffen-13-3-09","status":"publish","type":"page","link":"https:\/\/gpv-ev.de\/?page_id=192","title":{"rendered":"Regionalgruppentreffen 13.3.09"},"content":{"rendered":"<p><span style=\"font-family: verdana, geneva, sans-serif; font-size: 12pt;\">Projektschule Graz<\/span><br \/>\n<span style=\"font-family: verdana, geneva, sans-serif; font-size: 12pt;\"> Moserhofgasse 3a<\/span><br \/>\n<span style=\"font-family: verdana, geneva, sans-serif; font-size: 12pt;\"> Leitung: Eva Scala<\/span><br \/>\n<span style=\"font-family: verdana, geneva, sans-serif; font-size: 12pt;\"> Thema: Vom Zauber fr\u00fcher Geschichten<\/span><br \/>\n<span style=\"font-family: verdana, geneva, sans-serif; font-size: 12pt;\"> TeilnehmerInnen: Patrizia Th., Christa L., Gabi R., Ute K., Sigrid S., Ingrid S., Schristine S.,Brigitte P.<\/span><\/p>\n<p><span style=\"font-family: verdana, geneva, sans-serif; font-size: 12pt;\">Das Geschichtenbrett<\/span><\/p>\n<p><span style=\"font-family: verdana, geneva, sans-serif; font-size: 12pt;\">Eva hat uns mit einer sch\u00f6nen neuen Vorgehensweise \u00fcberrascht.<\/span><br \/>\n<span style=\"font-family: verdana, geneva, sans-serif; font-size: 12pt;\"> Sie liebt Geschichten, das Erz\u00e4hlen, das Vorlesen, das Schreiben. Das hat sie inspiriert. Zun\u00e4chst sollten wir uns an eine fr\u00fche Geschichte erinnern. Welche f\u00e4llt uns als erste ein? Wer hat sie uns erz\u00e4hlt, vorgelesen, &#8230;wie war die Situation.<\/span><br \/>\n<span style=\"font-family: verdana, geneva, sans-serif; font-size: 12pt;\"> Auch wenn uns keine ganze Geschichte einf\u00e4llt, ein Fragment gen\u00fcgt.<\/span><br \/>\n<span style=\"font-family: verdana, geneva, sans-serif; font-size: 12pt;\"> Wir teilen der Gruppemit, welche Geschichten und Erz\u00e4hlfragmente uns eingefallen sind. Dann teilt Eva Holzbrettchen in der Gr\u00f6\u00dfe eines Zeichenblattes aus und fordert uns auf, auf diesen Brettchen die Stimmung von damals in Farben wiederzugeben. Wir tauschen in Paararbeit aus, wie es uns dabei gegangen ist. <\/span><br \/>\n<span style=\"font-family: verdana, geneva, sans-serif; font-size: 12pt;\"> Der n\u00e4chste Schritt ist, die Geschichte mit Bastelmaterial (Holzfig\u00fcrchen, Plastilin, Pailletten, Klebestoff&#8230;) auf den Brettchen darzustellen. Was zun\u00e4chst schwierig erscheint, gelingt dann doch recht gut. Die Ergebnisse sind allerliebst, aggressiv, phantasievoll, mystisch&#8230;.<\/span><br \/>\n<span style=\"font-family: verdana, geneva, sans-serif; font-size: 12pt;\"> Eva zeigt nun mit C. vor, wie damit weitergearbeitet wird. In gestaltischer Weise legt sie C \u0301sFinger auf ein Element ihres Bildes nach dem anderen. C beginnt jedes Mal mit \u201eich bin&#8230;\u201c und spricht dann weiter, wie es ihr kommt. Das Ergebnis ist sehr ber\u00fchrend. <\/span><br \/>\n<span style=\"font-family: verdana, geneva, sans-serif; font-size: 12pt;\"> Dann arbeiten alle mit neuen Partnerinnen an ihren Geschichten. Es kommen erstaunliche, altbekannte und \u00fcberraschende Ergebnisse heraus. <\/span><br \/>\n<span style=\"font-family: verdana, geneva, sans-serif; font-size: 12pt;\"> Eva weist darauf hin, dass das noch nicht das Ende ist, sondern dass diese Vorgangsweise Fortsetzung findet durch die psychodramatische Verlebendigung oder eine Aufstellung, wodurch das gesamte lebensgeschichliche Material so richtig zum Klingen gebracht wird. Wir entscheiden jedoch, dass das f\u00fcr den heutigen Tag zu viel w\u00e4re.<\/span><\/p>\n<p><span style=\"font-family: verdana, geneva, sans-serif; font-size: 12pt;\">Nach einem Imbiss, den wir aus den mitgebrachten Ingredenzien improvisieren, setzen wir uns noch zu einer Abschlussrunde zusammen.<\/span><\/p>\n<p><span style=\"font-family: verdana, geneva, sans-serif; font-size: 12pt;\">Eva hat f\u00fcr diese sch\u00f6ne Arbeit au\u00dfer einem kleinen Beitrag f\u00fcr die Materialien nichts verlangt. Danke, Eva!<\/span><\/p>\n","protected":false},"excerpt":{"rendered":"<p>Projektschule Graz Moserhofgasse 3a Leitung: Eva Scala Thema: Vom Zauber fr\u00fcher Geschichten TeilnehmerInnen: Patrizia Th., Christa L., Gabi R., Ute K., Sigrid S., Ingrid S., Schristine S.,Brigitte P. Das Geschichtenbrett Eva hat uns mit einer sch\u00f6nen neuen Vorgehensweise \u00fcberrascht. Sie liebt Geschichten, das Erz\u00e4hlen, das Vorlesen, das Schreiben. Das hat sie inspiriert. Zun\u00e4chst sollten wir [&hellip;]<\/p>\n","protected":false},"author":1,"featured_media":0,"parent":0,"menu_order":0,"comment_status":"closed","ping_status":"closed","template":"","meta":{"footnotes":""},"_links":{"self":[{"href":"https:\/\/gpv-ev.de\/index.php?rest_route=\/wp\/v2\/pages\/192"}],"collection":[{"href":"https:\/\/gpv-ev.de\/index.php?rest_route=\/wp\/v2\/pages"}],"about":[{"href":"https:\/\/gpv-ev.de\/index.php?rest_route=\/wp\/v2\/types\/page"}],"author":[{"embeddable":true,"href":"https:\/\/gpv-ev.de\/index.php?rest_route=\/wp\/v2\/users\/1"}],"replies":[{"embeddable":true,"href":"https:\/\/gpv-ev.de\/index.php?rest_route=%2Fwp%2Fv2%2Fcomments&post=192"}],"version-history":[{"count":1,"href":"https:\/\/gpv-ev.de\/index.php?rest_route=\/wp\/v2\/pages\/192\/revisions"}],"predecessor-version":[{"id":193,"href":"https:\/\/gpv-ev.de\/index.php?rest_route=\/wp\/v2\/pages\/192\/revisions\/193"}],"wp:attachment":[{"href":"https:\/\/gpv-ev.de\/index.php?rest_route=%2Fwp%2Fv2%2Fmedia&parent=192"}],"curies":[{"name":"wp","href":"https:\/\/api.w.org\/{rel}","templated":true}]}}