{"id":158,"date":"2017-11-19T01:36:50","date_gmt":"2017-11-19T01:36:50","guid":{"rendered":"http:\/\/relaunch.gpv-ev.de\/?page_id=158"},"modified":"2017-11-29T23:36:36","modified_gmt":"2017-11-29T23:36:36","slug":"158-2","status":"publish","type":"page","link":"https:\/\/gpv-ev.de\/?page_id=158","title":{"rendered":"Nachlese zum ersten Regionaltreffen"},"content":{"rendered":"<p><span style=\"font-family: verdana, geneva, sans-serif; font-size: 12pt;\">Liebe FreundInnen der GP,<\/span><\/p>\n<p><span style=\"font-family: verdana, geneva, sans-serif; font-size: 12pt;\">hier ein kurzer Bericht \u00fcber unser erstes Regionaltreffen:<\/span><\/p>\n<p><span style=\"font-family: verdana, geneva, sans-serif; font-size: 12pt;\">Wir begannen sehr p\u00fcnktlich im Galerieraum der Modellschule. 12 TeilnehmerInnen haben sich eingefunden, davon sogar einige &#8222;Ausl\u00e4nderInnen&#8220; aus Ober\u00f6sterreich Nieder\u00f6sterreich und Wien.<br \/>\n<\/span><span style=\"font-family: verdana, geneva, sans-serif; font-size: 12pt;\">Es war eine wunderbare Gruppe, die sehr schnell in eine vertrauensvolle Arbeitsstimmung kam.<br \/>\n<\/span><span style=\"font-family: verdana, geneva, sans-serif; font-size: 12pt;\">Das ist der Vorteil, wenn alle die &#8222;Spielregeln&#8220; der Gestaltp\u00e4dagogik kennen und sch\u00e4tzen.<\/span><\/p>\n<p><span style=\"font-family: verdana, geneva, sans-serif; font-size: 12pt;\">Hier eine Auswahl von S\u00e4tzen, die bei der Conclusio zum Thema Beginnen <\/span><span style=\"font-family: verdana, geneva, sans-serif; font-size: 12pt;\">gefallen sind:<br \/>\n<\/span><span style=\"font-family: verdana, geneva, sans-serif; font-size: 12pt;\">&#8230;ich stelle mich zuerst auf den &#8222;Kraftfu\u00df&#8220;;<br \/>\n<\/span><span style=\"font-family: verdana, geneva, sans-serif; font-size: 12pt;\">&#8230;ich zentriere mich;<br \/>\n<\/span><span style=\"font-family: verdana, geneva, sans-serif; font-size: 12pt;\">&#8230;ich kann die Saat aufgehen lassen, mit Klarheit, Sicherheit, Dynamik, Eifer, Kreativit\u00e4t, <\/span><span style=\"font-family: verdana, geneva, sans-serif; font-size: 12pt;\">aber auch mit Wachsamkeit gegen\u00fcber \u00dcberbeanspruchung;<br \/>\n<\/span><span style=\"font-family: verdana, geneva, sans-serif; font-size: 12pt;\">&#8230;f\u00fcr mich ist wichtig gute Vorbereitung, Informiertheit. Habe mich 2 Jahre vorbereitet auf <\/span><span style=\"font-family: verdana, geneva, sans-serif; font-size: 12pt;\">meine jetzige T\u00e4tigkeit und bin gl\u00fccklich, angstfrei, neugierig, lasse mich gern \u00fcberraschen;<br \/>\n<\/span><span style=\"font-family: verdana, geneva, sans-serif; font-size: 12pt;\">&#8230;f\u00fcr mich ist die eigene Energie ausschlaggebend, und ich kann etwas tun daf\u00fcr;<br \/>\n<\/span><span style=\"font-family: verdana, geneva, sans-serif; font-size: 12pt;\">&#8230;ich mache mir ein positives Bild von dem, was passieren wird &#8211; Perspektivenwechsel;<br \/>\n<\/span><span style=\"font-family: verdana, geneva, sans-serif; font-size: 12pt;\">&#8230;f\u00fcr mich ist die K\u00f6rperhaltung wichtig, ein sicherer Stand, Zeit, mich sammeln zu k\u00f6nnen, den &#8222;inneren Schalter&#8220; bet\u00e4tigen, der mich motiviert, etwas zu tun;<br \/>\n<\/span><span style=\"font-family: verdana, geneva, sans-serif; font-size: 12pt;\">&#8230;ich f\u00fchle mich in vielem best\u00e4tigt;<br \/>\n<\/span><span style=\"font-family: verdana, geneva, sans-serif; font-size: 12pt;\">&#8230;meine Perspektiven waren mir klar, meine Furcht vor radikalen \u00c4nderungen ist kleiner geworden;<br \/>\n<\/span><span style=\"font-family: verdana, geneva, sans-serif; font-size: 12pt;\">&#8230;Gutes Beginnen kann ich gut, m\u00f6chte lernen, das Alte zuerst zu beenden;<br \/>\n<\/span><span style=\"font-family: verdana, geneva, sans-serif; font-size: 12pt;\">&#8230;ich habe Sicherheit;<br \/>\n<\/span><span style=\"font-family: verdana, geneva, sans-serif; font-size: 12pt;\">&#8230;um etwas Neues zu beginnen, mu\u00df ich springen, mu\u00df es einfach tun. Damit habe ich gute Erfahrungen;<br \/>\n<\/span><span style=\"font-family: verdana, geneva, sans-serif; font-size: 12pt;\">&#8230;ich gehe mit dem Gem\u00fct eines Kindes hinein, taste die Umgebung nicht nach Sicherheit ab.<br \/>\n<\/span><span style=\"font-family: verdana, geneva, sans-serif; font-size: 12pt;\">Es w\u00e4re gut, wenn ich mehr von dem \u00dcberlegten h\u00e4tte, finde meinen Enthusiasmus und mein Fachwissen sehr gut;<\/span><\/p>\n<p><span style=\"font-family: verdana, geneva, sans-serif; font-size: 12pt;\">Mir als Leiterin ist es sehr gut gegangen in dieser Gruppe von wohlwollenden ExpertInnen.<\/span><\/p>\n<p><span style=\"font-family: verdana, geneva, sans-serif; font-size: 12pt;\">Jede\/r hat 25 \u20ac bezahlt, davon behalte ich 250, den Rest hebe ich auf f\u00fcr Termine, wo vielleicht weniger als 10 Leute kommen.<br \/>\n<\/span><span style=\"font-family: verdana, geneva, sans-serif; font-size: 12pt;\">Vorschl\u00e4ge wie es weiter gehen k\u00f6nnte: z.B. alle 2 Monate, an die Ferien angepasst.<br \/>\n<\/span><span style=\"font-family: verdana, geneva, sans-serif; font-size: 12pt;\">Das n\u00e4chste Thema soll nach Meinung der Gruppe &#8222;Anfangen&#8220; sein, das ist n\u00e4mlich nicht dasselbe wie Beginnen. Anfangen ist nach dem Beginn, wenn man in die T\u00e4tigkeit so richtig einsteigt.<br \/>\n<\/span><span style=\"font-family: verdana, geneva, sans-serif; font-size: 12pt;\">Wenn jemand Lust hat, die Leitung zu \u00fcbernehmen, bitte melden!!! Brie Presker w\u00e4re bereit, aber es ist immer gut, eine &#8222;EinspringerIn&#8220; zu haben.<br \/>\n<\/span><span style=\"font-family: verdana, geneva, sans-serif; font-size: 12pt;\">Ein weiterer Vorschlag ist, J\u00f6rg B\u00fcrmann zu fragen, ob er Dienstag oder Samstag nach Ostern einen Workshop gestalten w\u00fcrde (ich \u00fcbernehme das).<br \/>\n<\/span><span style=\"font-family: verdana, geneva, sans-serif; font-size: 12pt;\">Die Kosten w\u00e4ren dann nat\u00fcrlich h\u00f6her, aber die Mitglieder der GPV bekommen 3\u20ac pro Einheit zugeschossen.<\/span><\/p>\n<p><span style=\"font-family: verdana, geneva, sans-serif; font-size: 12pt;\">So, ich denke, das war das Wichtigste.<\/span><\/p>\n<p><span style=\"font-family: verdana, geneva, sans-serif; font-size: 12pt;\">Liebe Gr\u00fc\u00dfe und sch\u00f6nes Nachklingen f\u00fcr die, die dabei waren<\/span><\/p>\n<p><span style=\"font-family: verdana, geneva, sans-serif; font-size: 12pt;\">Ute<\/span><\/p>\n<p>&nbsp;<\/p>\n","protected":false},"excerpt":{"rendered":"<p>Liebe FreundInnen der GP, hier ein kurzer Bericht \u00fcber unser erstes Regionaltreffen: Wir begannen sehr p\u00fcnktlich im Galerieraum der Modellschule. 12 TeilnehmerInnen haben sich eingefunden, davon sogar einige &#8222;Ausl\u00e4nderInnen&#8220; aus Ober\u00f6sterreich Nieder\u00f6sterreich und Wien. Es war eine wunderbare Gruppe, die sehr schnell in eine vertrauensvolle Arbeitsstimmung kam. Das ist der Vorteil, wenn alle die &#8222;Spielregeln&#8220; [&hellip;]<\/p>\n","protected":false},"author":1,"featured_media":0,"parent":0,"menu_order":0,"comment_status":"closed","ping_status":"closed","template":"","meta":{"footnotes":""},"_links":{"self":[{"href":"https:\/\/gpv-ev.de\/index.php?rest_route=\/wp\/v2\/pages\/158"}],"collection":[{"href":"https:\/\/gpv-ev.de\/index.php?rest_route=\/wp\/v2\/pages"}],"about":[{"href":"https:\/\/gpv-ev.de\/index.php?rest_route=\/wp\/v2\/types\/page"}],"author":[{"embeddable":true,"href":"https:\/\/gpv-ev.de\/index.php?rest_route=\/wp\/v2\/users\/1"}],"replies":[{"embeddable":true,"href":"https:\/\/gpv-ev.de\/index.php?rest_route=%2Fwp%2Fv2%2Fcomments&post=158"}],"version-history":[{"count":7,"href":"https:\/\/gpv-ev.de\/index.php?rest_route=\/wp\/v2\/pages\/158\/revisions"}],"predecessor-version":[{"id":198,"href":"https:\/\/gpv-ev.de\/index.php?rest_route=\/wp\/v2\/pages\/158\/revisions\/198"}],"wp:attachment":[{"href":"https:\/\/gpv-ev.de\/index.php?rest_route=%2Fwp%2Fv2%2Fmedia&parent=158"}],"curies":[{"name":"wp","href":"https:\/\/api.w.org\/{rel}","templated":true}]}}