{"id":151,"date":"2017-11-19T00:37:25","date_gmt":"2017-11-19T00:37:25","guid":{"rendered":"http:\/\/relaunch.gpv-ev.de\/?page_id=151"},"modified":"2017-11-19T12:28:55","modified_gmt":"2017-11-19T12:28:55","slug":"graz-nachlese","status":"publish","type":"page","link":"https:\/\/gpv-ev.de\/?page_id=151","title":{"rendered":"Gestaltp\u00e4dagogische Treffen in Graz"},"content":{"rendered":"<div id=\"Layer6\">\n<div align=\"center\">\n<p style=\"text-align: left;\" align=\"left\"><span style=\"font-family: verdana, geneva, sans-serif; font-size: 12pt;\">Liebe FreundInnen der GP,<\/span><\/p>\n<p style=\"text-align: left;\"><span style=\"font-family: verdana, geneva, sans-serif; font-size: 12pt;\">Silvia Froese hat uns (9 Teilnehmerinnen) auf ihre angenehme Art an das Thema \u201eRituale\u201c herangef\u00fchrt.<\/span><br \/>\n<span style=\"font-family: verdana, geneva, sans-serif; font-size: 12pt;\"> Was ich an ihr so sch\u00e4tze, ist, dass sie ein tolles Gesp\u00fcr f\u00fcr Situationen und Bed\u00fcrfnisse hat, dazu noch eine gro\u00dfe Portion Unkompliziertheit und Unmittelbarkeit, die es leicht machen, ihren Anregungen zu folgen.<\/span><br \/>\n<span style=\"font-family: verdana, geneva, sans-serif; font-size: 12pt;\"> Dabei haben wir gemerkt, dass Rituale einen viel h\u00f6heren Stellenwert in unserem Leben und unserer Arbeit einnehmen, als wir alle angenommen hatten. Ein St\u00fcck Theorie hat uns auch geholfen, dies zu verstehen.<\/span><br \/>\n<span style=\"font-family: verdana, geneva, sans-serif; font-size: 12pt;\"> Wir haben auch ein paar sch\u00f6ne Rituale voneinander \u201eabspicken\u201c k\u00f6nnen, was uns auf die Idee gebracht hat, das Thema in der n\u00e4chste Regionalgruppe fortzusetzen zu einem erweiterten Austausch \u00fcber unsere Lieblingsrituale, die sich in der Arbeit\/ im Unterricht bew\u00e4hrt haben.<\/span><\/p>\n<p style=\"text-align: left;\"><span style=\"font-family: verdana, geneva, sans-serif; font-size: 12pt;\">Liebe Gr\u00fc\u00dfe<\/span><br \/>\n<span style=\"font-family: verdana, geneva, sans-serif; font-size: 12pt;\"> Ute<\/span><\/p>\n<\/div>\n<\/div>\n","protected":false},"excerpt":{"rendered":"<p>Liebe FreundInnen der GP, Silvia Froese hat uns (9 Teilnehmerinnen) auf ihre angenehme Art an das Thema \u201eRituale\u201c herangef\u00fchrt. Was ich an ihr so sch\u00e4tze, ist, dass sie ein tolles Gesp\u00fcr f\u00fcr Situationen und Bed\u00fcrfnisse hat, dazu noch eine gro\u00dfe Portion Unkompliziertheit und Unmittelbarkeit, die es leicht machen, ihren Anregungen zu folgen. Dabei haben wir [&hellip;]<\/p>\n","protected":false},"author":1,"featured_media":0,"parent":0,"menu_order":0,"comment_status":"closed","ping_status":"closed","template":"","meta":{"footnotes":""},"_links":{"self":[{"href":"https:\/\/gpv-ev.de\/index.php?rest_route=\/wp\/v2\/pages\/151"}],"collection":[{"href":"https:\/\/gpv-ev.de\/index.php?rest_route=\/wp\/v2\/pages"}],"about":[{"href":"https:\/\/gpv-ev.de\/index.php?rest_route=\/wp\/v2\/types\/page"}],"author":[{"embeddable":true,"href":"https:\/\/gpv-ev.de\/index.php?rest_route=\/wp\/v2\/users\/1"}],"replies":[{"embeddable":true,"href":"https:\/\/gpv-ev.de\/index.php?rest_route=%2Fwp%2Fv2%2Fcomments&post=151"}],"version-history":[{"count":9,"href":"https:\/\/gpv-ev.de\/index.php?rest_route=\/wp\/v2\/pages\/151\/revisions"}],"predecessor-version":[{"id":172,"href":"https:\/\/gpv-ev.de\/index.php?rest_route=\/wp\/v2\/pages\/151\/revisions\/172"}],"wp:attachment":[{"href":"https:\/\/gpv-ev.de\/index.php?rest_route=%2Fwp%2Fv2%2Fmedia&parent=151"}],"curies":[{"name":"wp","href":"https:\/\/api.w.org\/{rel}","templated":true}]}}